{"id":927,"date":"2025-01-21T17:12:13","date_gmt":"2025-01-21T16:12:13","guid":{"rendered":"https:\/\/marvis-trade.si\/hr\/?page_id=927"},"modified":"2026-04-16T09:58:31","modified_gmt":"2026-04-16T08:58:31","slug":"daljinski-upravljalnik-mt-smg241","status":"publish","type":"page","link":"https:\/\/marvis-trade.si\/hr\/daljinski-upravljalnik-mt-smg241\/","title":{"rendered":"Daljinski upravljalnik MT SMG241"},"content":{"rendered":"<p>[et_pb_section fb_built=&#8221;1&#8243; admin_label=&#8221;Hero&#8221; _builder_version=&#8221;4.25.2&#8243; _module_preset=&#8221;74c69059-8e69-4122-b1e6-dfeabf6c5711&#8243; background_image=&#8221;https:\/\/premadesections.divi.support\/premade\/wp-content\/uploads\/sites\/3\/sites\/4\/2023\/11\/1920&#215;1080.jpg&#8221; background_enable_image=&#8221;on&#8221; custom_padding=&#8221;8vw||8vw||true|false&#8221; locked=&#8221;off&#8221; collapsed=&#8221;on&#8221; global_colors_info=&#8221;{}&#8221;][et_pb_row _builder_version=&#8221;4.24.2&#8243; _module_preset=&#8221;5138c454-be54-4233-bd3b-f8e6a8747976&#8243; locked=&#8221;off&#8221; global_colors_info=&#8221;{}&#8221;][et_pb_column type=&#8221;4_4&#8243; _builder_version=&#8221;4.23.1&#8243; _module_preset=&#8221;73121f80-a3ef-4484-8763-c3f18e3c56d2&#8243; global_colors_info=&#8221;{}&#8221;][et_pb_heading title=&#8221;Otkrijte budu\u0107nost nadzora&#8221; _builder_version=&#8221;4.27.4&#8243; _module_preset=&#8221;f0c675ea-2574-4d0e-b725-30f8550a8550&#8243; title_font=&#8221;IBM Plex Sans|IBM Plex Sans Condensed_weight||on|||||&#8221; title_text_color=&#8221;#FFFFFF&#8221; locked=&#8221;off&#8221; global_colors_info=&#8221;{}&#8221;][\/et_pb_heading][et_pb_heading title=&#8221;Revolucionirajte svoje iskustvo s MT SMG241&#8243; _builder_version=&#8221;4.27.4&#8243; _module_preset=&#8221;ddeb8c09-9078-4424-bc15-2efb6572e28e&#8221; title_font=&#8221;IBM Plex Sans Condensed|IBM Plex Sans Condensed_weight|||||||&#8221; title_text_color=&#8221;#FFFFFF&#8221; locked=&#8221;off&#8221; global_colors_info=&#8221;{}&#8221;][\/et_pb_heading][et_pb_text _builder_version=&#8221;4.27.4&#8243; _module_preset=&#8221;0504de1e-f5ff-4281-ba60-cbbe4edf98bc&#8221; text_font=&#8221;IBM Plex Sans|IBM Plex Sans_weight|||||||&#8221; quote_font=&#8221;IBM Plex Sans Condensed|IBM Plex Sans Condensed_weight|||||||&#8221; header_font=&#8221;IBM Plex Sans Condensed|IBM Plex Sans Condensed_weight|||||||&#8221; header_2_font=&#8221;IBM Plex Sans Condensed|IBM Plex Sans Condensed_weight|||||||&#8221; header_3_font=&#8221;IBM Plex Sans Condensed|IBM Plex Sans Condensed_weight|||||||&#8221; header_4_font=&#8221;IBM Plex Sans Condensed|IBM Plex Sans Condensed_weight|||||||&#8221; header_5_font=&#8221;IBM Plex Sans Condensed|IBM Plex Sans Condensed_weight|||||||&#8221; header_6_font=&#8221;IBM Plex Sans Condensed|IBM Plex Sans Condensed_weight|||||||&#8221; locked=&#8221;off&#8221; global_colors_info=&#8221;{%22#1d3557%22:%91%22link_text_color%22%93,%22#0e0c19%22:%91%22header_text_color%22,%22header_4_text_color%22,%22header_3_text_color%22,%22header_2_text_color%22,%22header_5_text_color%22,%22header_6_text_color%22%93,%22#457b9d%22:%91%22quote_border_color%22%93}&#8221;]<\/p>\n<p>Oslobodite snagu napredne tehnologije uz na\u0161 najsuvremeniji daljinski upravlja\u010d, dizajniran za pobolj\u0161anje va\u0161ih svakodnevnih interakcija.<\/p>\n<p>[\/et_pb_text][\/et_pb_column][\/et_pb_row][\/et_pb_section][et_pb_section fb_built=&#8221;1&#8243; admin_label=&#8221;About&#8221; _builder_version=&#8221;4.25.1&#8243; _module_preset=&#8221;default&#8221; collapsed=&#8221;on&#8221; global_colors_info=&#8221;{}&#8221;][et_pb_row column_structure=&#8221;1_2,1_2&#8243; _builder_version=&#8221;4.25.1&#8243; _module_preset=&#8221;default&#8221; global_colors_info=&#8221;{}&#8221;][et_pb_column type=&#8221;1_2&#8243; _builder_version=&#8221;4.25.1&#8243; _module_preset=&#8221;default&#8221; global_colors_info=&#8221;{}&#8221;][et_pb_heading title=&#8221;Daljinski upravlja\u010d MT SMG241&#8243; _builder_version=&#8221;4.27.4&#8243; _module_preset=&#8221;c33f07d9-41e0-421a-8799-5799df695cce&#8221; title_font=&#8221;IBM Plex Sans Condensed|IBM Plex Sans Condensed_weight|||||||&#8221; title_text_color=&#8221;#111111&#8243; global_colors_info=&#8221;{}&#8221;][\/et_pb_heading][et_pb_text quote_border_color=&#8221;#457b9d&#8221; _builder_version=&#8221;4.27.6&#8243; _module_preset=&#8221;2c55a9c4-feed-423b-9edb-ae0b5b365cac&#8221; text_font=&#8221;IBM Plex Sans|IBM Plex Sans_weight|||||||&#8221; text_text_color=&#8221;rgba(0,0,0,0.64)&#8221; link_font=&#8221;|IBM Plex Sans_weight|||||||&#8221; link_text_color=&#8221;#1d3557&#8243; quote_font=&#8221;IBM Plex Sans Condensed|IBM Plex Sans Condensed_weight|||||||&#8221; quote_text_color=&#8221;#111111&#8243; header_font=&#8221;IBM Plex Sans Condensed|IBM Plex Sans Condensed_weight|||||||&#8221; header_text_color=&#8221;#111111&#8243; header_2_font=&#8221;IBM Plex Sans Condensed|IBM Plex Sans Condensed_weight|||||||&#8221; header_2_text_color=&#8221;#111111&#8243; header_3_font=&#8221;IBM Plex Sans Condensed|IBM Plex Sans Condensed_weight|||||||&#8221; header_3_text_color=&#8221;#111111&#8243; header_4_font=&#8221;IBM Plex Sans Condensed|IBM Plex Sans Condensed_weight|||||||&#8221; header_4_text_color=&#8221;#111111&#8243; header_5_font=&#8221;IBM Plex Sans Condensed|IBM Plex Sans Condensed_weight|||||||&#8221; header_5_text_color=&#8221;#111111&#8243; header_6_font=&#8221;IBM Plex Sans Condensed|IBM Plex Sans Condensed_weight|||||||&#8221; header_6_text_color=&#8221;#111111&#8243; hover_enabled=&#8221;0&#8243; global_colors_info=&#8221;{}&#8221; sticky_enabled=&#8221;0&#8243;]<\/p>\n<p>Daljinski upravlja\u010d MT SMG 241 koristi se za daljinsko uklju\u010divanje i isklju\u010divanje MT SMG WF01-7-32V+RF WiFi RF modula prekida\u010da. Veza izme\u0111u daljinskog upravlja\u010da i modula ostvaruje se putem radio veze s frekvencijom od 433 MHz. Daljinski upravlja\u010d koristi format kodiranja EV1527 za kodiranje signala. Ovo je format prijemnika koda za u\u010denje koji se obi\u010dno koristi u radiofrekventnim oda\u0161ilja\u010dima poput daljinskih upravlja\u010da za gara\u017ena vrata itd.<\/p>\n<p>Format kodiranja EV1527 je 24 bita. Prvih 20 bitova predstavlja 1.048.576 razli\u010ditih tipki, tj. razli\u010ditih fizi\u010dkih daljinskih upravlja\u010da, a posljednja \u010detiri bita predstavljaju 16 kanala, tj. mogu\u0107nost definiranja 16 funkcijskih tipki na pojedinom daljinskom upravlja\u010du.<\/p>\n<p>Karakteristika daljinskog upravlja\u010da MT SMG 241 je da svaka pojedina\u010dna tipka na daljinskom upravlja\u010du predstavlja svoju vlastitu tipku, a ne pojedina\u010dni kanal. Stoga je prikladan za istovremeno upravljanje do 4 udaljena WiFi preklopna modula.<\/p>\n<p>Kao stru\u010dnjaci za sigurnosnu opremu i dodatke, u <b data-path-to-node=\"12\" data-index-in-node=\"82\">Marvis Trade-u<\/b> nudimo isklju\u010divo provjerene modele daljinskih upravlja\u010da. Uz MT-SMG241 dobivate jasne upute za programiranje i tehni\u010dku podr\u0161ku ako nai\u0111ete na pote\u0161ko\u0107e pri uparivanju s va\u0161im sustavom.<\/p>\n<p>[\/et_pb_text][\/et_pb_column][et_pb_column type=&#8221;1_2&#8243; _builder_version=&#8221;4.25.1&#8243; _module_preset=&#8221;default&#8221; global_colors_info=&#8221;{}&#8221;][et_pb_image src=&#8221;https:\/\/marvis-trade.si\/hr\/wp-content\/uploads\/sites\/3\/2025\/01\/front.jpeg&#8221; title_text=&#8221;front&#8221; _builder_version=&#8221;4.27.6&#8243; _module_preset=&#8221;1cc6152f-565c-4c4d-b0c9-cf8c9576c341&#8243; hover_enabled=&#8221;0&#8243; global_colors_info=&#8221;{}&#8221; alt=&#8221;daljinski upravlja\u010d&#8221; sticky_enabled=&#8221;0&#8243;][\/et_pb_image][\/et_pb_column][\/et_pb_row][et_pb_row _builder_version=&#8221;4.27.4&#8243; _module_preset=&#8221;default&#8221; global_colors_info=&#8221;{}&#8221;][et_pb_column type=&#8221;4_4&#8243; _builder_version=&#8221;4.27.4&#8243; _module_preset=&#8221;default&#8221; global_colors_info=&#8221;{}&#8221;][et_pb_text _builder_version=&#8221;4.27.4&#8243; _module_preset=&#8221;default&#8221; global_colors_info=&#8221;{}&#8221;]<\/p>\n<h3><strong>Specifikacija:<\/strong><\/h3>\n<p>[\/et_pb_text][\/et_pb_column][\/et_pb_row][et_pb_row _builder_version=&#8221;4.27.4&#8243; _module_preset=&#8221;default&#8221; global_colors_info=&#8221;{}&#8221;][et_pb_column type=&#8221;4_4&#8243; _builder_version=&#8221;4.27.4&#8243; _module_preset=&#8221;default&#8221; global_colors_info=&#8221;{}&#8221;][et_pb_text _builder_version=&#8221;4.27.4&#8243; _module_preset=&#8221;default&#8221; global_colors_info=&#8221;{}&#8221;]<\/p>\n<ul>\n<li>Priklju\u010dni napon: 12 V DC (27 A 12 V baterija)<\/li>\n<li>Frekvencija prijenosa: 433,92 MHz<\/li>\n<li>Maksimalna udaljenost od upravlja\u010dke plo\u010de: manje od 40 m<\/li>\n<li>Vrsta kodiranja: Kod u\u010denja EV1527<\/li>\n<li>Radna temperatura: -20\u2103~+40\u2103<\/li>\n<li>Vla\u017enost: manje od 90%<\/li>\n<li>Materijal: plastika<\/li>\n<li>Boja: crna, siva<\/li>\n<\/ul>\n<p>[\/et_pb_text][\/et_pb_column][\/et_pb_row][\/et_pb_section]<\/p>\n","protected":false},"excerpt":{"rendered":"<p>Oslobodite snagu napredne tehnologije uz na\u0161 najsuvremeniji daljinski upravlja\u010d, dizajniran za pobolj\u0161anje va\u0161ih svakodnevnih interakcija.Daljinski upravlja\u010d MT SMG 241 koristi se za daljinsko uklju\u010divanje i isklju\u010divanje MT SMG WF01-7-32V+RF WiFi RF modula prekida\u010da. Veza izme\u0111u daljinskog upravlja\u010da i modula ostvaruje se putem radio veze s frekvencijom od 433 MHz. Daljinski upravlja\u010d koristi format kodiranja EV1527 [&hellip;]<\/p>\n","protected":false},"author":1,"featured_media":0,"parent":0,"menu_order":0,"comment_status":"closed","ping_status":"closed","template":"","meta":{"_et_pb_use_builder":"on","_et_pb_old_content":"","_et_gb_content_width":"","footnotes":""},"class_list":["post-927","page","type-page","status-publish","hentry"],"_links":{"self":[{"href":"https:\/\/marvis-trade.si\/hr\/wp-json\/wp\/v2\/pages\/927","targetHints":{"allow":["GET"]}}],"collection":[{"href":"https:\/\/marvis-trade.si\/hr\/wp-json\/wp\/v2\/pages"}],"about":[{"href":"https:\/\/marvis-trade.si\/hr\/wp-json\/wp\/v2\/types\/page"}],"author":[{"embeddable":true,"href":"https:\/\/marvis-trade.si\/hr\/wp-json\/wp\/v2\/users\/1"}],"replies":[{"embeddable":true,"href":"https:\/\/marvis-trade.si\/hr\/wp-json\/wp\/v2\/comments?post=927"}],"version-history":[{"count":4,"href":"https:\/\/marvis-trade.si\/hr\/wp-json\/wp\/v2\/pages\/927\/revisions"}],"predecessor-version":[{"id":1617,"href":"https:\/\/marvis-trade.si\/hr\/wp-json\/wp\/v2\/pages\/927\/revisions\/1617"}],"wp:attachment":[{"href":"https:\/\/marvis-trade.si\/hr\/wp-json\/wp\/v2\/media?parent=927"}],"curies":[{"name":"wp","href":"https:\/\/api.w.org\/{rel}","templated":true}]}}