{"id":914,"date":"2025-01-21T17:01:42","date_gmt":"2025-01-21T16:01:42","guid":{"rendered":"https:\/\/marvis-trade.si\/hr\/?page_id=914"},"modified":"2026-04-20T14:34:05","modified_gmt":"2026-04-20T13:34:05","slug":"krmilnik-mt-smg-wf01-wifi","status":"publish","type":"page","link":"https:\/\/marvis-trade.si\/hr\/krmilnik-mt-smg-wf01-wifi\/","title":{"rendered":"Krmilnik MT SMG WF01 WIFI\u00a0"},"content":{"rendered":"<p>[et_pb_section fb_built=&#8221;1&#8243; admin_label=&#8221;Hero&#8221; _builder_version=&#8221;4.25.2&#8243; _module_preset=&#8221;74c69059-8e69-4122-b1e6-dfeabf6c5711&#8243; background_image=&#8221;https:\/\/premadesections.divi.support\/premade\/wp-content\/uploads\/sites\/3\/sites\/4\/2023\/11\/1920&#215;1080.jpg&#8221; background_enable_image=&#8221;on&#8221; custom_padding=&#8221;8%||0px||false|false&#8221; locked=&#8221;off&#8221; collapsed=&#8221;on&#8221; global_colors_info=&#8221;{}&#8221;][et_pb_row _builder_version=&#8221;4.18.0&#8243; _module_preset=&#8221;5138c454-be54-4233-bd3b-f8e6a8747976&#8243; locked=&#8221;off&#8221; global_colors_info=&#8221;{}&#8221;][et_pb_column type=&#8221;4_4&#8243; _builder_version=&#8221;4.16&#8243; _module_preset=&#8221;73121f80-a3ef-4484-8763-c3f18e3c56d2&#8243; global_colors_info=&#8221;{}&#8221;][et_pb_heading title=&#8221;Revolucionirajte svoju povezanost&#8221; _builder_version=&#8221;4.27.4&#8243; _module_preset=&#8221;f0c675ea-2574-4d0e-b725-30f8550a8550&#8243; title_font=&#8221;IBM Plex Sans|IBM Plex Sans Condensed_weight||on|||||&#8221; title_text_color=&#8221;#1d3557&#8243; locked=&#8221;off&#8221; global_colors_info=&#8221;{%22#1d3557%22:%91%22title_text_color%22%93}&#8221;][\/et_pb_heading][et_pb_heading title=&#8221;MT SMG WF01 WiFi Kontroler \u2013 Va\u0161a gara\u017ea postaje dio pametnog doma&#8221; _builder_version=&#8221;4.27.6&#8243; _module_preset=&#8221;ddeb8c09-9078-4424-bc15-2efb6572e28e&#8221; title_font=&#8221;IBM Plex Sans Condensed|IBM Plex Sans Condensed_weight|||||||&#8221; title_text_color=&#8221;#FFFFFF&#8221; hover_enabled=&#8221;0&#8243; locked=&#8221;off&#8221; global_colors_info=&#8221;{}&#8221; sticky_enabled=&#8221;0&#8243;][\/et_pb_heading][et_pb_text _builder_version=&#8221;4.27.4&#8243; _module_preset=&#8221;0504de1e-f5ff-4281-ba60-cbbe4edf98bc&#8221; text_font=&#8221;IBM Plex Sans|IBM Plex Sans_weight|||||||&#8221; quote_font=&#8221;IBM Plex Sans Condensed|IBM Plex Sans Condensed_weight|||||||&#8221; header_font=&#8221;IBM Plex Sans Condensed|IBM Plex Sans Condensed_weight|||||||&#8221; header_2_font=&#8221;IBM Plex Sans Condensed|IBM Plex Sans Condensed_weight|||||||&#8221; header_3_font=&#8221;IBM Plex Sans Condensed|IBM Plex Sans Condensed_weight|||||||&#8221; header_4_font=&#8221;IBM Plex Sans Condensed|IBM Plex Sans Condensed_weight|||||||&#8221; header_5_font=&#8221;IBM Plex Sans Condensed|IBM Plex Sans Condensed_weight|||||||&#8221; header_6_font=&#8221;IBM Plex Sans Condensed|IBM Plex Sans Condensed_weight|||||||&#8221; locked=&#8221;off&#8221;]<\/p>\n<p>Otkrijte vrhunsko rje\u0161enje za jednostavno upravljanje. Na\u0161 MT SMG WF01 WIFI kontroler nudi neusporedivu izvedbu i pouzdanost, osiguravaju\u0107i precizno zadovoljenje va\u0161ih potreba povezivanja.<\/p>\n<p>[\/et_pb_text][\/et_pb_column][\/et_pb_row][\/et_pb_section][et_pb_section fb_built=&#8221;1&#8243; admin_label=&#8221;About&#8221; _builder_version=&#8221;4.25.1&#8243; _module_preset=&#8221;default&#8221; collapsed=&#8221;on&#8221; global_colors_info=&#8221;{}&#8221;][et_pb_row _builder_version=&#8221;4.25.1&#8243; _module_preset=&#8221;default&#8221; global_colors_info=&#8221;{}&#8221;][et_pb_column type=&#8221;4_4&#8243; _builder_version=&#8221;4.25.1&#8243; _module_preset=&#8221;default&#8221; global_colors_info=&#8221;{}&#8221;][et_pb_heading title=&#8221;Otkrijte MT SMG WF01 WIFI kontroler&#8221; _builder_version=&#8221;4.27.4&#8243; _module_preset=&#8221;c33f07d9-41e0-421a-8799-5799df695cce&#8221; title_font=&#8221;IBM Plex Sans Condensed|IBM Plex Sans Condensed_weight|||||||&#8221; title_text_color=&#8221;#111111&#8243; global_colors_info=&#8221;{}&#8221;][\/et_pb_heading][\/et_pb_column][\/et_pb_row][et_pb_row column_structure=&#8221;1_2,1_2&#8243; _builder_version=&#8221;4.27.4&#8243; _module_preset=&#8221;default&#8221; global_colors_info=&#8221;{}&#8221;][et_pb_column type=&#8221;1_2&#8243; _builder_version=&#8221;4.27.4&#8243; _module_preset=&#8221;default&#8221; global_colors_info=&#8221;{}&#8221;][et_pb_image src=&#8221;https:\/\/marvis-trade.si\/hr\/wp-content\/uploads\/sites\/3\/2025\/01\/3830056091069.jpg&#8221; title_text=&#8221;3830056091069&#8243; _builder_version=&#8221;4.27.6&#8243; _module_preset=&#8221;default&#8221; hover_enabled=&#8221;0&#8243; global_colors_info=&#8221;{}&#8221; alt=&#8221;MT SMG WF01&#8243; sticky_enabled=&#8221;0&#8243;][\/et_pb_image][\/et_pb_column][et_pb_column type=&#8221;1_2&#8243; _builder_version=&#8221;4.27.4&#8243; _module_preset=&#8221;default&#8221; global_colors_info=&#8221;{}&#8221;][et_pb_image src=&#8221;https:\/\/marvis-trade.si\/hr\/wp-content\/uploads\/sites\/3\/2025\/01\/Wifi-krmilnik-stikalo.jpg&#8221; title_text=&#8221;Wifi krmilnik stikalo&#8221; _builder_version=&#8221;4.27.4&#8243; _module_preset=&#8221;default&#8221; global_colors_info=&#8221;{}&#8221;][\/et_pb_image][\/et_pb_column][\/et_pb_row][et_pb_row column_structure=&#8221;1_2,1_2&#8243; _builder_version=&#8221;4.27.6&#8243; _module_preset=&#8221;default&#8221; hover_enabled=&#8221;0&#8243; global_colors_info=&#8221;{}&#8221; sticky_enabled=&#8221;0&#8243;][et_pb_column type=&#8221;1_2&#8243; _builder_version=&#8221;4.25.1&#8243; _module_preset=&#8221;default&#8221; global_colors_info=&#8221;{}&#8221;][et_pb_text quote_border_color=&#8221;#457b9d&#8221; _builder_version=&#8221;4.27.6&#8243; _module_preset=&#8221;2c55a9c4-feed-423b-9edb-ae0b5b365cac&#8221; text_font=&#8221;IBM Plex Sans|IBM Plex Sans_weight|||||||&#8221; text_text_color=&#8221;rgba(0,0,0,0.64)&#8221; link_font=&#8221;|IBM Plex Sans_weight|||||||&#8221; link_text_color=&#8221;#1d3557&#8243; quote_font=&#8221;IBM Plex Sans Condensed|IBM Plex Sans Condensed_weight|||||||&#8221; quote_text_color=&#8221;#111111&#8243; header_font=&#8221;IBM Plex Sans Condensed|IBM Plex Sans Condensed_weight|||||||&#8221; header_text_color=&#8221;#111111&#8243; header_2_font=&#8221;IBM Plex Sans Condensed|IBM Plex Sans Condensed_weight|||||||&#8221; header_2_text_color=&#8221;#111111&#8243; header_3_font=&#8221;IBM Plex Sans Condensed|IBM Plex Sans Condensed_weight|||||||&#8221; header_3_text_color=&#8221;#111111&#8243; header_4_font=&#8221;IBM Plex Sans Condensed|IBM Plex Sans Condensed_weight|||||||&#8221; header_4_text_color=&#8221;#111111&#8243; header_5_font=&#8221;IBM Plex Sans Condensed|IBM Plex Sans Condensed_weight|||||||&#8221; header_5_text_color=&#8221;#111111&#8243; header_6_font=&#8221;IBM Plex Sans Condensed|IBM Plex Sans Condensed_weight|||||||&#8221; header_6_text_color=&#8221;#111111&#8243; hover_enabled=&#8221;0&#8243; global_colors_info=&#8221;{}&#8221; sticky_enabled=&#8221;0&#8243; custom_padding=&#8221;||0px|||&#8221;]<\/p>\n<p data-path-to-node=\"8\"><b data-path-to-node=\"8\" data-index-in-node=\"0\">MT-SMG-WF01<\/b> je kompaktan i mo\u0107an WiFi modul dizajniran da va\u0161u postoje\u0107u gara\u017eu, dvori\u0161nu ogradu ili ulazna vrata uvede u eru pametnih domova. Ako ste ikada napustili ku\u0107u pitaju\u0107i se jeste li zatvorili gara\u017eu ili ste se borili s pronala\u017eenjem daljinskog upravlja\u010da u mraku, ovaj ure\u0111aj je rje\u0161enje koje ste tra\u017eili. Uz <b data-path-to-node=\"8\" data-index-in-node=\"320\">MT-SMG-WF01<\/b>, va\u0161 pametni telefon postaje jedini klju\u010d koji trebate.<\/p>\n<h3 data-path-to-node=\"9\">Potpuna kontrola putem Tuya i Smart Life aplikacija<\/h3>\n<p data-path-to-node=\"10\">Ovaj kontroler radi na globalno priznatoj <b data-path-to-node=\"10\" data-index-in-node=\"42\">Tuya Smart<\/b> (ili Smart Life) platformi, \u0161to zna\u010di da se besprijekorno integrira s tisu\u0107ama drugih pametnih ure\u0111aja.<\/p>\n<ul data-path-to-node=\"11\">\n<li>\n<p data-path-to-node=\"11,0,0\"><b data-path-to-node=\"11,0,0\" data-index-in-node=\"0\">Upravljanje s bilo koje lokacije:<\/b> Bez obzira jeste li u uredu, na odmoru ili samo u drugoj prostoriji, vrata mo\u017eete otvoriti ili zatvoriti jednim dodirom na zaslon mobitela.<\/p>\n<\/li>\n<li>\n<p data-path-to-node=\"11,1,0\"><b data-path-to-node=\"11,1,0\" data-index-in-node=\"0\">Obavijesti u stvarnom vremenu:<\/b> Sustav vam \u0161alje &#8220;push&#8221; obavijest \u010dim se vrata otvore ili zatvore. To vam pru\u017ea dodatnu sigurnost jer \u0107ete odmah znati ako netko neovla\u0161teno pristupi va\u0161em posjedu.<\/p>\n<\/li>\n<li>\n<p data-path-to-node=\"11,2,0\"><b data-path-to-node=\"11,2,0\" data-index-in-node=\"0\">Provjera statusa:<\/b> Vi\u0161e ne morate fizi\u010dki provjeravati vrata \u2013 aplikacija vam u svakom trenutku pokazuje jesu li vrata trenutno otvorena ili zatvorena.<\/p>\n<\/li>\n<\/ul>\n<h3 data-path-to-node=\"12\">Glasovno upravljanje i pametna automatizacija<\/h3>\n<p data-path-to-node=\"13\">MT-SMG-WF01 u potpunosti podr\u017eava glasovne asistente kao \u0161to su <b data-path-to-node=\"13\" data-index-in-node=\"64\">Amazon Alexa<\/b> i <b data-path-to-node=\"13\" data-index-in-node=\"79\">Google Assistant<\/b>. Zamislite udobnost ulaska u dvori\u0161te dok jednostavno ka\u017eete: &#8220;Hey Google, open the garage door,&#8221; bez skidanja ruku s upravlja\u010da va\u0161eg automobila.<\/p>\n<p data-path-to-node=\"14\">Osim glasovnog upravljanja, ure\u0111aj omogu\u0107uje postavljanje raznih <b data-path-to-node=\"14\" data-index-in-node=\"65\">automatizacija<\/b>:<\/p>\n<ul data-path-to-node=\"15\">\n<li>\n<p data-path-to-node=\"15,0,0\"><b data-path-to-node=\"15,0,0\" data-index-in-node=\"0\">Tajmeri:<\/b> Namjestite vrata da se automatski zatvore svaku ve\u010der u 22:00 sata radi sigurnosti.<\/p>\n<\/li>\n<li>\n<p data-path-to-node=\"15,1,0\"><b data-path-to-node=\"15,1,0\" data-index-in-node=\"0\">Geofencing:<\/b> Postavite sustav tako da se vrata automatski otvaraju kada se va\u0161 pametni telefon pribli\u017ei ku\u0107i na odre\u0111enu udaljenost.<\/p>\n<\/li>\n<\/ul>\n<p data-path-to-node=\"25\">\n<p>[\/et_pb_text][\/et_pb_column][et_pb_column type=&#8221;1_2&#8243; _builder_version=&#8221;4.25.1&#8243; _module_preset=&#8221;default&#8221; global_colors_info=&#8221;{}&#8221;][et_pb_text quote_border_color=&#8221;#457b9d&#8221; _builder_version=&#8221;4.27.6&#8243; _module_preset=&#8221;2c55a9c4-feed-423b-9edb-ae0b5b365cac&#8221; text_font=&#8221;IBM Plex Sans|IBM Plex Sans_weight|||||||&#8221; text_text_color=&#8221;rgba(0,0,0,0.64)&#8221; link_font=&#8221;|IBM Plex Sans_weight|||||||&#8221; link_text_color=&#8221;#1d3557&#8243; quote_font=&#8221;IBM Plex Sans Condensed|IBM Plex Sans Condensed_weight|||||||&#8221; quote_text_color=&#8221;#111111&#8243; header_font=&#8221;IBM Plex Sans Condensed|IBM Plex Sans Condensed_weight|||||||&#8221; header_text_color=&#8221;#111111&#8243; header_2_font=&#8221;IBM Plex Sans Condensed|IBM Plex Sans Condensed_weight|||||||&#8221; header_2_text_color=&#8221;#111111&#8243; header_3_font=&#8221;IBM Plex Sans Condensed|IBM Plex Sans Condensed_weight|||||||&#8221; header_3_text_color=&#8221;#111111&#8243; header_4_font=&#8221;IBM Plex Sans Condensed|IBM Plex Sans Condensed_weight|||||||&#8221; header_4_text_color=&#8221;#111111&#8243; header_5_font=&#8221;IBM Plex Sans Condensed|IBM Plex Sans Condensed_weight|||||||&#8221; header_5_text_color=&#8221;#111111&#8243; header_6_font=&#8221;IBM Plex Sans Condensed|IBM Plex Sans Condensed_weight|||||||&#8221; header_6_text_color=&#8221;#111111&#8243; hover_enabled=&#8221;0&#8243; locked=&#8221;off&#8221; global_colors_info=&#8221;{}&#8221; sticky_enabled=&#8221;0&#8243;]<\/p>\n<h3 data-path-to-node=\"16\">Jednostavna ugradnja bez mijenjanja motora<\/h3>\n<p data-path-to-node=\"17\">Jedna od najve\u0107ih prednosti modela <b data-path-to-node=\"17\" data-index-in-node=\"35\">MT-SMG-WF01<\/b> je njegova univerzalna kompatibilnost. Ne morate kupovati novi skupi motor; ovaj kontroler se spaja paralelno s va\u0161im postoje\u0107im zidnim prekida\u010dem ili priklju\u010dkom za ru\u010dno upravljanje na motoru. Va\u0161i stari daljinski upravlja\u010di i dalje \u0107e raditi bez ikakvih smetnji, ali \u0107ete sada imati i mo\u0107nu digitalnu alternativu.<\/p>\n<p data-path-to-node=\"18\">Ure\u0111aj se napaja putem standardnog <b data-path-to-node=\"18\" data-index-in-node=\"35\">USB 5V<\/b> priklju\u010dka ili putem terminala, \u0161to instalaciju \u010dini sigurnom i brzom \u010dak i za korisnike koji nisu profesionalni elektri\u010dari.<\/p>\n<h3 data-path-to-node=\"19\">Sigurnost i dijeljenje pristupa<\/h3>\n<p data-path-to-node=\"20\">Zaboravite na posu\u0111ivanje daljinskih upravlja\u010da susjedima ili ro\u0111acima. Putem aplikacije mo\u017eete <b data-path-to-node=\"20\" data-index-in-node=\"96\">podijeliti pristup<\/b> s bilo kim u nekoliko sekundi. Mo\u017eete im dati trajno ovla\u0161tenje ili privremeni pristup (primjerice, samo dok ste na putovanju), a administrator uvijek ima uvid u povijest otvaranja.<\/p>\n<h3 data-path-to-node=\"22,5,0\">Za\u0161to odabrati MT-SMG-WF01 kod Marvis Trade-a?<\/h3>\n<p data-path-to-node=\"24\">Kupnjom u <b data-path-to-node=\"24\" data-index-in-node=\"10\">Marvis Trade-u<\/b> birate pouzdanost. <b data-path-to-node=\"24\" data-index-in-node=\"44\">MT-SMG-WF01<\/b> je testiran ure\u0111aj koji pru\u017ea stabilnu vezu i dugotrajan rad. Uz proizvod dobivate upute na hrvatskom jeziku koje \u0107e vas korak-po-korak voditi kroz proces uparivanja s va\u0161om ku\u0107nom mre\u017eom.<\/p>\n<p data-path-to-node=\"25\">Modernizirajte svoju gara\u017eu ve\u0107 danas i u\u017eivajte u udobnosti koju pru\u017ea pametna tehnologija!<\/p>\n<p>Osim povezivanja na WiFi mre\u017eu, MT SMG WF01 WiFi switch modul omogu\u0107uje i povezivanje s do osam klasi\u010dnih daljinskih upravlja\u010da. Daljinski upravlja\u010di moraju imati frekvencijski raspon od 433MHz i EV1527 kodiranje.<\/p>\n<p>[\/et_pb_text][\/et_pb_column][\/et_pb_row][et_pb_row column_structure=&#8221;1_2,1_2&#8243; _builder_version=&#8221;4.27.4&#8243; _module_preset=&#8221;default&#8221; global_colors_info=&#8221;{}&#8221;][et_pb_column type=&#8221;1_2&#8243; _builder_version=&#8221;4.27.4&#8243; _module_preset=&#8221;default&#8221; global_colors_info=&#8221;{}&#8221;][et_pb_image src=&#8221;https:\/\/marvis-trade.si\/hr\/wp-content\/uploads\/sites\/3\/2025\/01\/Wifi-krmilnik-stikalo.jpg&#8221; title_text=&#8221;Wifi krmilnik stikalo&#8221; _builder_version=&#8221;4.27.4&#8243; _module_preset=&#8221;default&#8221; global_colors_info=&#8221;{}&#8221;][\/et_pb_image][\/et_pb_column][et_pb_column type=&#8221;1_2&#8243; _builder_version=&#8221;4.27.4&#8243; _module_preset=&#8221;default&#8221; global_colors_info=&#8221;{}&#8221;][et_pb_image src=&#8221;https:\/\/marvis-trade.si\/hr\/wp-content\/uploads\/sites\/3\/2025\/01\/Wifi-krmilnik-tipka.jpg&#8221; title_text=&#8221;Wifi krmilnik tipka&#8221; _builder_version=&#8221;4.27.4&#8243; _module_preset=&#8221;default&#8221; global_colors_info=&#8221;{}&#8221;][\/et_pb_image][\/et_pb_column][\/et_pb_row][et_pb_row column_structure=&#8221;1_2,1_2&#8243; _builder_version=&#8221;4.27.4&#8243; _module_preset=&#8221;default&#8221; global_colors_info=&#8221;{}&#8221;][et_pb_column type=&#8221;1_2&#8243; _builder_version=&#8221;4.27.4&#8243; _module_preset=&#8221;default&#8221; global_colors_info=&#8221;{}&#8221;][et_pb_text _builder_version=&#8221;4.27.4&#8243; _module_preset=&#8221;default&#8221; global_colors_info=&#8221;{}&#8221;]<\/p>\n<p><strong>Specifikacija proizvoda:<\/strong><\/p>\n<ul>\n<li>Napajanje: AC\/DC 7-32V ili USB5V<\/li>\n<li>Maksimalna struja: 10A 250VAC i 10A 30VDC<\/li>\n<li>Povezivost: WiFi 2,4 GHz IEEE 802.11 b\/g\/n i Bluetooth<\/li>\n<li>RF povezivost: 433 MHz, podr\u017eava do 8 daljinskih upravlja\u010da<\/li>\n<li>Radna temperatura: -20\u00b0C do 70\u00b0C<\/li>\n<li>Dimenzije: 69x41x20mm<\/li>\n<\/ul>\n<p>[\/et_pb_text][\/et_pb_column][et_pb_column type=&#8221;1_2&#8243; _builder_version=&#8221;4.27.4&#8243; _module_preset=&#8221;default&#8221; global_colors_info=&#8221;{}&#8221;][et_pb_text _builder_version=&#8221;4.27.4&#8243; _module_preset=&#8221;default&#8221; global_colors_info=&#8221;{}&#8221;]<\/p>\n<p><strong>Sadr\u017eaj kompleta:<\/strong><\/p>\n<p>WiFi preklopni modul MT SMG WF01<br \/>Upute za uporabu na hrvatskom jeziku<\/p>\n<p>[\/et_pb_text][et_pb_button button_url=&#8221;https:\/\/marvis-trade.si\/Krmilniki\/WIFI_modul\/Navodila_WiFi_switch.pdf&#8221; url_new_window=&#8221;on&#8221; button_text=&#8221;Upute za MT SMG WF01 WiFi prekida\u010d&#8221; _builder_version=&#8221;4.27.4&#8243; _module_preset=&#8221;default&#8221; global_colors_info=&#8221;{}&#8221;][\/et_pb_button][\/et_pb_column][\/et_pb_row][\/et_pb_section]<\/p>\n","protected":false},"excerpt":{"rendered":"<p>Otkrijte vrhunsko rje\u0161enje za jednostavno upravljanje. Na\u0161 MT SMG WF01 WIFI kontroler nudi neusporedivu izvedbu i pouzdanost, osiguravaju\u0107i precizno zadovoljenje va\u0161ih potreba povezivanja.MT-SMG-WF01 je kompaktan i mo\u0107an WiFi modul dizajniran da va\u0161u postoje\u0107u gara\u017eu, dvori\u0161nu ogradu ili ulazna vrata uvede u eru pametnih domova. Ako ste ikada napustili ku\u0107u pitaju\u0107i se jeste li zatvorili gara\u017eu [&hellip;]<\/p>\n","protected":false},"author":1,"featured_media":0,"parent":0,"menu_order":0,"comment_status":"closed","ping_status":"closed","template":"","meta":{"_et_pb_use_builder":"on","_et_pb_old_content":"","_et_gb_content_width":"","footnotes":""},"class_list":["post-914","page","type-page","status-publish","hentry"],"_links":{"self":[{"href":"https:\/\/marvis-trade.si\/hr\/wp-json\/wp\/v2\/pages\/914","targetHints":{"allow":["GET"]}}],"collection":[{"href":"https:\/\/marvis-trade.si\/hr\/wp-json\/wp\/v2\/pages"}],"about":[{"href":"https:\/\/marvis-trade.si\/hr\/wp-json\/wp\/v2\/types\/page"}],"author":[{"embeddable":true,"href":"https:\/\/marvis-trade.si\/hr\/wp-json\/wp\/v2\/users\/1"}],"replies":[{"embeddable":true,"href":"https:\/\/marvis-trade.si\/hr\/wp-json\/wp\/v2\/comments?post=914"}],"version-history":[{"count":8,"href":"https:\/\/marvis-trade.si\/hr\/wp-json\/wp\/v2\/pages\/914\/revisions"}],"predecessor-version":[{"id":1721,"href":"https:\/\/marvis-trade.si\/hr\/wp-json\/wp\/v2\/pages\/914\/revisions\/1721"}],"wp:attachment":[{"href":"https:\/\/marvis-trade.si\/hr\/wp-json\/wp\/v2\/media?parent=914"}],"curies":[{"name":"wp","href":"https:\/\/api.w.org\/{rel}","templated":true}]}}