{"id":892,"date":"2025-01-21T11:00:46","date_gmt":"2025-01-21T10:00:46","guid":{"rendered":"https:\/\/marvis-trade.si\/hr\/?page_id=892"},"modified":"2026-04-17T12:31:24","modified_gmt":"2026-04-17T11:31:24","slug":"krmilnik-mt-rtu5024-4g","status":"publish","type":"page","link":"https:\/\/marvis-trade.si\/hr\/krmilnik-mt-rtu5024-4g\/","title":{"rendered":"Krmilnik MT RTU5024 4G"},"content":{"rendered":"<p>[et_pb_section fb_built=&#8221;1&#8243; admin_label=&#8221;Hero&#8221; _builder_version=&#8221;4.24.3&#8243; _module_preset=&#8221;default&#8221; background_color=&#8221;#1d3557&#8243; use_background_color_gradient=&#8221;on&#8221; background_color_gradient_stops=&#8221;rgba(0,0,0,0.29) 0%|rgba(255,255,255,0) 100%&#8221; background_color_gradient_overlays_image=&#8221;on&#8221; background_color_gradient_start=&#8221;rgba(0,0,0,0.5)&#8221; background_color_gradient_end=&#8221;rgba(0,0,0,0.75)&#8221; background_enable_image=&#8221;off&#8221; background_enable_mask_style=&#8221;on&#8221; background_mask_style=&#8221;corner-pill&#8221; custom_margin=&#8221;||-230px|||&#8221; custom_padding=&#8221;10vw||10vw||true|false&#8221; locked=&#8221;off&#8221; collapsed=&#8221;on&#8221; global_colors_info=&#8221;{%22#1d3557%22:%91%22background_color%22%93}&#8221;][et_pb_row column_structure=&#8221;1_2,1_2&#8243; _builder_version=&#8221;4.24.2&#8243; _module_preset=&#8221;5138c454-be54-4233-bd3b-f8e6a8747976&#8243; locked=&#8221;off&#8221; global_colors_info=&#8221;{}&#8221;][et_pb_column type=&#8221;1_2&#8243; _builder_version=&#8221;4.23.1&#8243; _module_preset=&#8221;73121f80-a3ef-4484-8763-c3f18e3c56d2&#8243; global_colors_info=&#8221;{}&#8221;][et_pb_heading title=&#8221;Otkrijte snagu povezivanja&#8221; _builder_version=&#8221;4.27.4&#8243; _module_preset=&#8221;f0c675ea-2574-4d0e-b725-30f8550a8550&#8243; title_font=&#8221;IBM Plex Sans|IBM Plex Sans Condensed_weight||on|||||&#8221; title_text_color=&#8221;#1d3557&#8243; locked=&#8221;off&#8221; global_colors_info=&#8221;{%22#1d3557%22:%91%22title_text_color%22%93}&#8221;][\/et_pb_heading][et_pb_heading title=&#8221;MT RTU5024 4G \u2013 Pametno upravljanje vratima s bilo koje udaljenosti&#8221; _builder_version=&#8221;4.27.6&#8243; _module_preset=&#8221;ddeb8c09-9078-4424-bc15-2efb6572e28e&#8221; title_font=&#8221;IBM Plex Sans Condensed|IBM Plex Sans Condensed_weight|||||||&#8221; title_text_color=&#8221;#111111&#8243; locked=&#8221;off&#8221; global_colors_info=&#8221;{}&#8221;][\/et_pb_heading][et_pb_text quote_border_color=&#8221;#457b9d&#8221; _builder_version=&#8221;4.27.4&#8243; _module_preset=&#8221;2c55a9c4-feed-423b-9edb-ae0b5b365cac&#8221; text_font=&#8221;IBM Plex Sans|IBM Plex Sans_weight|||||||&#8221; text_text_color=&#8221;rgba(0,0,0,0.64)&#8221; link_font=&#8221;|IBM Plex Sans_weight|||||||&#8221; link_text_color=&#8221;#1d3557&#8243; quote_font=&#8221;IBM Plex Sans Condensed|IBM Plex Sans Condensed_weight|||||||&#8221; quote_text_color=&#8221;#111111&#8243; header_font=&#8221;IBM Plex Sans Condensed|IBM Plex Sans Condensed_weight|||||||&#8221; header_text_color=&#8221;#111111&#8243; header_2_font=&#8221;IBM Plex Sans Condensed|IBM Plex Sans Condensed_weight|||||||&#8221; header_2_text_color=&#8221;#111111&#8243; header_3_font=&#8221;IBM Plex Sans Condensed|IBM Plex Sans Condensed_weight|||||||&#8221; header_3_text_color=&#8221;#111111&#8243; header_4_font=&#8221;IBM Plex Sans Condensed|IBM Plex Sans Condensed_weight|||||||&#8221; header_4_text_color=&#8221;#111111&#8243; header_5_font=&#8221;IBM Plex Sans Condensed|IBM Plex Sans Condensed_weight|||||||&#8221; header_5_text_color=&#8221;#111111&#8243; header_6_font=&#8221;IBM Plex Sans Condensed|IBM Plex Sans Condensed_weight|||||||&#8221; header_6_text_color=&#8221;#111111&#8243; locked=&#8221;off&#8221; global_colors_info=&#8221;{}&#8221;]<\/p>\n<p>Istra\u017eite napredne mogu\u0107nosti MT RTU5024 LTE<\/p>\n<p>[\/et_pb_text][\/et_pb_column][et_pb_column type=&#8221;1_2&#8243; _builder_version=&#8221;4.23.1&#8243; _module_preset=&#8221;73121f80-a3ef-4484-8763-c3f18e3c56d2&#8243; global_colors_info=&#8221;{}&#8221;][et_pb_image src=&#8221;https:\/\/marvis-trade.si\/hr\/wp-content\/uploads\/sites\/3\/2025\/01\/RTU-5024-4G-1.jpg&#8221; alt=&#8221;MT-RTU5024 4G GSM kontroler za daljinsko otvaranje vrata&#8221; title_text=&#8221;RTU 5024 4G&#8221; _builder_version=&#8221;4.27.6&#8243; _module_preset=&#8221;1cc6152f-565c-4c4d-b0c9-cf8c9576c341&#8243; box_shadow_style=&#8221;preset4&#8243; box_shadow_horizontal=&#8221;0px&#8221; box_shadow_vertical=&#8221;24px&#8221; box_shadow_blur=&#8221;72px&#8221; box_shadow_spread=&#8221;-12px&#8221; locked=&#8221;off&#8221; global_colors_info=&#8221;{}&#8221;][\/et_pb_image][\/et_pb_column][\/et_pb_row][\/et_pb_section][et_pb_section fb_built=&#8221;1&#8243; admin_label=&#8221;About&#8221; _builder_version=&#8221;4.25.1&#8243; _module_preset=&#8221;default&#8221; locked=&#8221;off&#8221; collapsed=&#8221;on&#8221; global_colors_info=&#8221;{}&#8221;][et_pb_row _builder_version=&#8221;4.25.1&#8243; _module_preset=&#8221;default&#8221; global_colors_info=&#8221;{}&#8221;][et_pb_column type=&#8221;4_4&#8243; _builder_version=&#8221;4.25.1&#8243; _module_preset=&#8221;default&#8221; global_colors_info=&#8221;{}&#8221;][et_pb_heading title=&#8221;MT RTU5024 4G \u2013 Revolucija u daljinskom upravljanju vratima i sustavima&#8221; _builder_version=&#8221;4.27.6&#8243; _module_preset=&#8221;c33f07d9-41e0-421a-8799-5799df695cce&#8221; title_font=&#8221;IBM Plex Sans Condensed|IBM Plex Sans Condensed_weight|||||||&#8221; title_text_align=&#8221;left&#8221; title_text_color=&#8221;#111111&#8243; hover_enabled=&#8221;0&#8243; global_colors_info=&#8221;{}&#8221; sticky_enabled=&#8221;0&#8243;][\/et_pb_heading][et_pb_text quote_border_color=&#8221;#457b9d&#8221; _builder_version=&#8221;4.27.6&#8243; _module_preset=&#8221;2c55a9c4-feed-423b-9edb-ae0b5b365cac&#8221; text_font=&#8221;IBM Plex Sans|IBM Plex Sans_weight|||||||&#8221; text_text_color=&#8221;rgba(0,0,0,0.64)&#8221; link_font=&#8221;|IBM Plex Sans_weight|||||||&#8221; link_text_color=&#8221;#1d3557&#8243; quote_font=&#8221;IBM Plex Sans Condensed|IBM Plex Sans Condensed_weight|||||||&#8221; quote_text_color=&#8221;#111111&#8243; header_font=&#8221;IBM Plex Sans Condensed|IBM Plex Sans Condensed_weight|||||||&#8221; header_text_color=&#8221;#111111&#8243; header_2_font=&#8221;IBM Plex Sans Condensed|IBM Plex Sans Condensed_weight|||||||&#8221; header_2_text_color=&#8221;#111111&#8243; header_3_font=&#8221;IBM Plex Sans Condensed|IBM Plex Sans Condensed_weight|||||||&#8221; header_3_text_color=&#8221;#111111&#8243; header_4_font=&#8221;IBM Plex Sans Condensed|IBM Plex Sans Condensed_weight|||||||&#8221; header_4_text_color=&#8221;#111111&#8243; header_5_font=&#8221;IBM Plex Sans Condensed|IBM Plex Sans Condensed_weight|||||||&#8221; header_5_text_color=&#8221;#111111&#8243; header_6_font=&#8221;IBM Plex Sans Condensed|IBM Plex Sans Condensed_weight|||||||&#8221; header_6_text_color=&#8221;#111111&#8243; text_orientation=&#8221;center&#8221; hover_enabled=&#8221;0&#8243; global_colors_info=&#8221;{}&#8221; sticky_enabled=&#8221;0&#8243;]<\/p>\n<p data-path-to-node=\"3\" style=\"text-align: left;\">\u00a0U svijetu gdje pametna tehnologija postaje standard, <b data-path-to-node=\"3\" data-index-in-node=\"53\">MT RTU5024 4G<\/b> predstavlja vrhunac jednostavnosti i u\u010dinkovitosti kada je u pitanju kontrola pristupa. Ovaj mo\u0107ni i svestrani GSM relej nije samo obi\u010dan prekida\u010d; to je inteligentni sustav dizajniran za daljinsko upravljanje elektri\u010dnim vratima, dvori\u0161nim ogradama, parkirnim rampama te \u0161irokim spektrom industrijskih ure\u0111aja. Zahvaljuju\u0107i ugra\u0111enom <b data-path-to-node=\"3\" data-index-in-node=\"402\">4G LTE modulu<\/b>, ovaj kontroler osigurava ultra-brzi odaziv i stabilnu vezu na svim suvremenim mobilnim mre\u017eama, \u010dime trajno rje\u0161ava problem ga\u0161enja starijih 2G mre\u017ea koji poga\u0111a mnoge zastarjele sustave na tr\u017ei\u0161tu.<\/p>\n<h2 class=\"et_pb_module_heading et-fb-editable-element et-fb-editable-element__editing\" data-shortcode-id=\"2.0.0.0-1776424600826\" data-quickaccess-id=\"title\" contenteditable=\"true\" spellcheck=\"false\" style=\"text-align: left;\">MT RTU5024 4G &#8211; Besplatno upravljanje bez granica<\/h2>\n<p data-path-to-node=\"5\" style=\"text-align: left;\">Jedna od najistaknutijih zna\u010dajki MT RTU5024 4G modela je njegova <b data-path-to-node=\"5\" data-index-in-node=\"66\">Caller ID tehnologija<\/b>. Sustav funkcionira na principu prepoznavanja broja pozivatelja. Kada korisnik nazove broj SIM kartice umetnute u ure\u0111aj, kontroler u djeli\u0107u sekunde provjerava nalazi li se taj broj na popisu ovla\u0161tenih korisnika. Ako je broj prepoznat, relej se aktivira i otvara vrata, a poziv se automatski odbija prije uspostave veze. Rezultat? <b data-path-to-node=\"5\" data-index-in-node=\"421\">Upravljanje je potpuno besplatno<\/b>, bez obzira na to koliko puta dnevno otvarate svoja vrata, jer se telefonski impuls nikada ne naplati.<\/p>\n<p data-path-to-node=\"6\" style=\"text-align: left;\">Za razliku od klasi\u010dnih daljinskih upravlja\u010da koji su ograni\u010deni dometom od svega 50 do 100 metara i \u010desto pate od smetnji, MT-RTU5024 nudi <b data-path-to-node=\"6\" data-index-in-node=\"140\">neograni\u010den domet<\/b>. Svojim vratima ili rampom mo\u017eete upravljati s bilo kojeg mjesta na svijetu gdje postoji mobilni signal. Bez obzira jeste li na poslu, u drugom gradu ili \u010dak u inozemstvu, svom posjetitelju ili dostavlja\u010du mo\u017eete omogu\u0107iti ulazak jednim pozivom s va\u0161eg mobitela.<\/p>\n<h2 class=\"et_pb_module_heading et-fb-editable-element et-fb-editable-element__editing\" data-shortcode-id=\"2.0.0.0-1776424600826\" data-quickaccess-id=\"title\" contenteditable=\"true\" spellcheck=\"false\">MT RTU5024 4G &#8211;\u00a0Sigurnost i kapacitet za svaku potrebu<\/h2>\n<p data-path-to-node=\"8\" style=\"text-align: left;\">Sigurnost je prioritet svakog sustava kontrole pristupa. MT RTU5024 4G pru\u017ea visoku razinu za\u0161tite jer <b data-path-to-node=\"8\" data-index-in-node=\"103\">sustav ignorira sve nepoznate brojeve<\/b>. Samo brojevi koje je administrator unaprijed pohranio u memoriju mogu aktivirati ure\u0111aj. S kapacitetom do <b data-path-to-node=\"8\" data-index-in-node=\"248\">200 neovisnih korisnika<\/b>, ovaj je krmilnik idealno rje\u0161enje za:<\/p>\n<ul data-path-to-node=\"9\" style=\"text-align: left;\">\n<li>\n<p data-path-to-node=\"9,0,0\"><b data-path-to-node=\"9,0,0\" data-index-in-node=\"0\">Obiteljske ku\u0107e:<\/b> Jednostavno upravljanje za sve \u010dlanove ku\u0107anstva bez kupnje skupih dodatnih daljinskih upravlja\u010da.<\/p>\n<\/li>\n<li>\n<p data-path-to-node=\"9,1,0\"><b data-path-to-node=\"9,1,0\" data-index-in-node=\"0\">Stambene zgrade i kondominije:<\/b> Stanari mogu ulaziti u gara\u017ee pozivom sa svojih mobitela.<\/p>\n<\/li>\n<li>\n<p data-path-to-node=\"9,2,0\"><b data-path-to-node=\"9,2,0\" data-index-in-node=\"0\">Tvrtke i urede:<\/b> Kontrola ulaza za zaposlenike bez potrebe za izdavanjem kartica ili klju\u010deva.<\/p>\n<\/li>\n<li>\n<p data-path-to-node=\"9,3,0\"><b data-path-to-node=\"9,3,0\" data-index-in-node=\"0\">Zajedni\u010dka parkirali\u0161ta:<\/b> Jednostavno dodavanje i brisanje korisnika u slu\u010daju promjene najmoprimaca.<\/p>\n<\/li>\n<\/ul>\n<p data-path-to-node=\"10\" style=\"text-align: left;\">Administrator sustava ima potpunu kontrolu te mo\u017ee dodavati, brisati ili mijenjati ovla\u0161tenja korisnika putem jednostavnih SMS naredbi ili intuitivne mobilne aplikacije, \u0161to upravljanje \u010dini brzim i transparentnim.<\/p>\n<p>[\/et_pb_text][\/et_pb_column][\/et_pb_row][et_pb_row column_structure=&#8221;1_2,1_2&#8243; _builder_version=&#8221;4.27.4&#8243; _module_preset=&#8221;default&#8221; global_colors_info=&#8221;{}&#8221;][et_pb_column type=&#8221;1_2&#8243; _builder_version=&#8221;4.27.4&#8243; _module_preset=&#8221;default&#8221; global_colors_info=&#8221;{}&#8221;][et_pb_image src=&#8221;https:\/\/marvis-trade.si\/hr\/wp-content\/uploads\/sites\/3\/2025\/01\/kljucavnica.jpg&#8221; title_text=&#8221;klju\u010davnica&#8221; _builder_version=&#8221;4.27.4&#8243; _module_preset=&#8221;default&#8221; global_colors_info=&#8221;{}&#8221;][\/et_pb_image][\/et_pb_column][et_pb_column type=&#8221;1_2&#8243; _builder_version=&#8221;4.27.4&#8243; _module_preset=&#8221;default&#8221; global_colors_info=&#8221;{}&#8221;][et_pb_image src=&#8221;https:\/\/marvis-trade.si\/hr\/wp-content\/uploads\/sites\/3\/2025\/01\/motor.jpg&#8221; title_text=&#8221;motor&#8221; _builder_version=&#8221;4.27.4&#8243; _module_preset=&#8221;default&#8221; global_colors_info=&#8221;{}&#8221;][\/et_pb_image][\/et_pb_column][\/et_pb_row][et_pb_row column_structure=&#8221;1_2,1_2&#8243; _builder_version=&#8221;4.27.4&#8243; _module_preset=&#8221;default&#8221; global_colors_info=&#8221;{}&#8221;][et_pb_column type=&#8221;1_2&#8243; _builder_version=&#8221;4.27.4&#8243; _module_preset=&#8221;default&#8221; global_colors_info=&#8221;{}&#8221;][et_pb_text _builder_version=&#8221;4.27.6&#8243; _module_preset=&#8221;default&#8221; custom_padding=&#8221;||26px|||&#8221; hover_enabled=&#8221;0&#8243; global_colors_info=&#8221;{}&#8221; sticky_enabled=&#8221;0&#8243;]<\/p>\n<h3 data-path-to-node=\"11\">Vi\u0161enamjenska primjena u industriji i ku\u0107anstvu<\/h3>\n<p data-path-to-node=\"12\">Iako se naj\u010de\u0161\u0107e koristi za vrata i rampe, primjena <b data-path-to-node=\"12\" data-index-in-node=\"52\">MT RTU5024 4G<\/b> modela je gotovo neograni\u010dena. Zahvaljuju\u0107i robusnom relejnom izlazu (3A\/240V AC), ure\u0111aj se mo\u017ee koristiti kao daljinski prekida\u010d za:<\/p>\n<ul data-path-to-node=\"13\">\n<li>\n<p data-path-to-node=\"13,0,0\"><b data-path-to-node=\"13,0,0\" data-index-in-node=\"0\">Sustave navodnjavanja:<\/b> Uklju\u010dite pumpe za vodu s udaljene lokacije.<\/p>\n<\/li>\n<li>\n<p data-path-to-node=\"13,1,0\"><b data-path-to-node=\"13,1,0\" data-index-in-node=\"0\">Rasvjetu:<\/b> Upravljajte vanjskom ili industrijskom rasvjetom.<\/p>\n<\/li>\n<li>\n<p data-path-to-node=\"13,2,0\"><b data-path-to-node=\"13,2,0\" data-index-in-node=\"0\">Grijanje i hla\u0111enje:<\/b> Aktivacija sustava prije va\u0161eg dolaska u vikendicu ili ured.<\/p>\n<\/li>\n<li>\n<p data-path-to-node=\"13,3,0\"><b data-path-to-node=\"13,3,0\" data-index-in-node=\"0\">Industrijske strojeve:<\/b> Daljinsko resetiranje servera ili pokretanje strojeva u proizvodnim pogonima.<\/p>\n<\/li>\n<\/ul>\n<h3 data-path-to-node=\"14\">Tehni\u010dka izvrsnost i jednostavna instalacija<\/h3>\n<p data-path-to-node=\"15\">Ure\u0111aj je dizajniran za rad u najzahtjevnijim uvjetima. Podr\u017eava <b data-path-to-node=\"15\" data-index-in-node=\"65\">4G LTE, 3G i 2G mre\u017ee<\/b>, \u0161to jam\u010di univerzalnu kompatibilnost. U paketu dolazi i <b data-path-to-node=\"15\" data-index-in-node=\"144\">vanjska antena<\/b> s magnetskom bazom koja osigurava sna\u017ean prijem signala \u010dak i ako je sam ure\u0111aj smje\u0161ten unutar metalnog ormari\u0107a ili betonske konstrukcije. Instalacija je izuzetno jednostavna: ure\u0111aj se spaja paralelno s va\u0161im postoje\u0107im prekida\u010dem ili motorom, \u0161to zna\u010di da va\u0161i stari daljinski upravlja\u010di i dalje ostaju u funkciji kao rezerva.<\/p>\n<p>[\/et_pb_text][\/et_pb_column][et_pb_column type=&#8221;1_2&#8243; _builder_version=&#8221;4.27.4&#8243; _module_preset=&#8221;default&#8221; global_colors_info=&#8221;{}&#8221;][et_pb_text _builder_version=&#8221;4.27.6&#8243; _module_preset=&#8221;default&#8221; hover_enabled=&#8221;0&#8243; global_colors_info=&#8221;{}&#8221; sticky_enabled=&#8221;0&#8243;]<\/p>\n<ul>\n<li data-path-to-node=\"10,3,0\">\n<h3 data-path-to-node=\"16\">Specifikacije ukratko:<\/h3>\n<ul data-path-to-node=\"17\">\n<li>\n<p data-path-to-node=\"17,0,0\"><b data-path-to-node=\"17,0,0\" data-index-in-node=\"0\">Napajanje:<\/b> DC 9V-15V (adapter uklju\u010den).<\/p>\n<\/li>\n<li>\n<p data-path-to-node=\"17,1,0\"><b data-path-to-node=\"17,1,0\" data-index-in-node=\"0\">Konfiguracija:<\/b> SMS, aplikacija ili PC softver.<\/p>\n<\/li>\n<li>\n<p data-path-to-node=\"17,2,0\"><b data-path-to-node=\"17,2,0\" data-index-in-node=\"0\">Ku\u0107i\u0161te:<\/b> Kompaktno i izdr\u017eljivo, pogodno za razli\u010dite monta\u017ee.<\/p>\n<\/li>\n<\/ul>\n<h3 data-path-to-node=\"18\">Za\u0161to odabrati 4G verziju u Marvis Trade-u?<\/h3>\n<p data-path-to-node=\"19\">Tr\u017ei\u0161te je preplavljeno jeftinijim 2G verzijama koje postaju beskorisne s ga\u0161enjem starih mre\u017enih frekvencija. Kupnjom <b data-path-to-node=\"19\" data-index-in-node=\"119\">4G verzije u Marvis Trade-u<\/b>, ula\u017eete u budu\u0107nost. Na\u0161i ure\u0111aji su testirani, dolaze s detaljnim uputama na lokalnom jeziku i osiguranom tehni\u010dkom podr\u0161kom. Osigurajte si pouzdanost, brzinu i mirnu savjest uz najmoderniji GSM krmilnik na tr\u017ei\u0161tu.<\/p>\n<hr data-path-to-node=\"20\" \/>\n<p data-path-to-node=\"21\"><b data-path-to-node=\"21\" data-index-in-node=\"0\">Marvis Trade \u2013 Va\u0161 partner za pametnu sigurnost i automatizaciju.<\/b><\/p>\n<\/li>\n<\/ul>\n<p>[\/et_pb_text][\/et_pb_column][\/et_pb_row][et_pb_row _builder_version=&#8221;4.27.4&#8243; _module_preset=&#8221;default&#8221; global_colors_info=&#8221;{}&#8221;][et_pb_column type=&#8221;4_4&#8243; _builder_version=&#8221;4.27.4&#8243; _module_preset=&#8221;default&#8221; global_colors_info=&#8221;{}&#8221;][et_pb_text _builder_version=&#8221;4.27.4&#8243; _module_preset=&#8221;default&#8221; global_colors_info=&#8221;{}&#8221;]<\/p>\n<h4>Specifikacija MT RTU5024 4G LTE kontrolera za otvaranje vrata<\/h4>\n<p>[\/et_pb_text][et_pb_text _builder_version=&#8221;4.27.4&#8243; _module_preset=&#8221;default&#8221; global_colors_info=&#8221;{}&#8221;]<\/p>\n<table width=\"549\">\n<tbody>\n<tr>\n<td style=\"width: 164.302px;\"><strong>Opis<\/strong>:<\/td>\n<td style=\"width: 370.698px;\"><strong>Vrednosti<\/strong>:<\/td>\n<\/tr>\n<tr>\n<td style=\"width: 164.302px;\"><strong>Napajanje<\/strong><\/td>\n<td style=\"width: 370.698px;\">9-24V DC 2A<\/td>\n<\/tr>\n<tr>\n<td style=\"width: 164.302px;\"><strong>Potro\u0161nja<\/strong><\/td>\n<td style=\"width: 370.698px;\">12V input\u00a0\u00a0maks. 50mA\/povpre\u010dno 25mA<\/td>\n<\/tr>\n<tr>\n<td style=\"width: 164.302px;\"><strong>Frekvencija<\/strong><br \/><strong>mobilne mre\u017ee<\/strong><\/td>\n<td style=\"width: 370.698px;\">\n<p>Quad band GSM 850\/900\/1800\/1900 MHz, 3G UMTS WCDMA in 4G LTE<\/p>\n<\/td>\n<\/tr>\n<tr>\n<td style=\"width: 164.302px;\"><strong>SIM kartica<\/strong><\/td>\n<td style=\"width: 370.698px;\">podupire 3V SIM kartico<\/td>\n<\/tr>\n<tr>\n<td style=\"width: 164.302px;\"><strong>Antena<\/strong><\/td>\n<td style=\"width: 370.698px;\">50 \u03a9 SMA antenski priklju\u010dak<\/td>\n<\/tr>\n<tr>\n<td style=\"width: 164.302px;\"><strong>Raspon temperature<\/strong><\/td>\n<td style=\"width: 370.698px;\">-20-+60 \u00b0C<\/td>\n<\/tr>\n<tr>\n<td style=\"width: 164.302px;\"><strong>Raspon vlage<\/strong><\/td>\n<td style=\"width: 370.698px;\">Relativna vla\u017enost 90% (brez kondenzacije)<\/td>\n<\/tr>\n<tr>\n<td style=\"width: 164.302px;\"><strong>Izlazni rele<\/strong><\/td>\n<td style=\"width: 370.698px;\">3A \/ 240V AC<\/td>\n<\/tr>\n<tr>\n<td style=\"width: 164.302px;\"><strong>Dimenzije<\/strong><\/td>\n<td style=\"width: 370.698px;\">102mmX76mmX27mm (WXDXH);<\/td>\n<\/tr>\n<tr>\n<td style=\"width: 164.302px;\"><strong>Te\u017eina<\/strong><\/td>\n<td style=\"width: 370.698px;\">180\u00a0g<\/td>\n<\/tr>\n<tr>\n<td style=\"width: 164.302px;\"><strong>Ku\u010di\u0161te<\/strong><\/td>\n<td style=\"width: 370.698px;\">metalno ku\u0107i\u0161te, pra\u0161no obojeno sa elementima za pri\u010dvr\u0161\u010divanje<\/td>\n<\/tr>\n<\/tbody>\n<\/table>\n<p>&nbsp;<\/p>\n<p>[\/et_pb_text][et_pb_text _builder_version=&#8221;4.27.4&#8243; _module_preset=&#8221;default&#8221; global_colors_info=&#8221;{}&#8221;]<\/p>\n<h3>Sadr\u017eaj kompleta:<\/h3>\n<p>[\/et_pb_text][et_pb_text _builder_version=&#8221;4.27.6&#8243; _module_preset=&#8221;default&#8221; hover_enabled=&#8221;0&#8243; global_colors_info=&#8221;{}&#8221; sticky_enabled=&#8221;0&#8243;]<\/p>\n<ul>\n<li>MT RTU5024 4G kontroler x 1<\/li>\n<li>vanjska antena x 1<\/li>\n<li>hrvatske upute x 1<\/li>\n<li>12V DC napajanje x 1 (uklju\u010deno)<\/li>\n<\/ul>\n<p>[\/et_pb_text][\/et_pb_column][\/et_pb_row][et_pb_row _builder_version=&#8221;4.27.4&#8243; _module_preset=&#8221;default&#8221; global_colors_info=&#8221;{}&#8221;][et_pb_column type=&#8221;4_4&#8243; _builder_version=&#8221;4.27.4&#8243; _module_preset=&#8221;default&#8221; global_colors_info=&#8221;{}&#8221;][et_pb_text _builder_version=&#8221;4.27.4&#8243; _module_preset=&#8221;default&#8221; global_colors_info=&#8221;{}&#8221;]<\/p>\n<h3>Upute za MT RTU5024 4G LTE kontroler<\/h3>\n<p>[\/et_pb_text][et_pb_text _builder_version=&#8221;4.27.4&#8243; _module_preset=&#8221;default&#8221; global_colors_info=&#8221;{}&#8221;]<\/p>\n<p>Skenirajte ili kliknite na QR kod za preuzimanje.<\/p>\n<p>[\/et_pb_text][\/et_pb_column][\/et_pb_row][et_pb_row _builder_version=&#8221;4.27.4&#8243; _module_preset=&#8221;default&#8221; global_colors_info=&#8221;{}&#8221;][et_pb_column type=&#8221;4_4&#8243; _builder_version=&#8221;4.27.4&#8243; _module_preset=&#8221;default&#8221; global_colors_info=&#8221;{}&#8221;][et_pb_image src=&#8221;https:\/\/marvis-trade.si\/hr\/wp-content\/uploads\/sites\/3\/2025\/01\/RTU5024-SLO-navodila.bmp&#8221; alt=&#8221;Navodila za MT RTU5024&#8243; title_text=&#8221;RTU5024 SLO navodila&#8221; url=&#8221;https:\/\/marvis-trade.si\/Krmilniki\/RTU5024\/RTU5024_GSM_krmilnik_HR.pdf&#8221; url_new_window=&#8221;on&#8221; _builder_version=&#8221;4.27.4&#8243; _module_preset=&#8221;default&#8221; global_colors_info=&#8221;{}&#8221;][\/et_pb_image][\/et_pb_column][\/et_pb_row][\/et_pb_section]<\/p>\n","protected":false},"excerpt":{"rendered":"<p>Istra\u017eite napredne mogu\u0107nosti MT RTU5024 LTE\u00a0U svijetu gdje pametna tehnologija postaje standard, MT RTU5024 4G predstavlja vrhunac jednostavnosti i u\u010dinkovitosti kada je u pitanju kontrola pristupa. Ovaj mo\u0107ni i svestrani GSM relej nije samo obi\u010dan prekida\u010d; to je inteligentni sustav dizajniran za daljinsko upravljanje elektri\u010dnim vratima, dvori\u0161nim ogradama, parkirnim rampama te \u0161irokim spektrom industrijskih ure\u0111aja. [&hellip;]<\/p>\n","protected":false},"author":1,"featured_media":0,"parent":0,"menu_order":0,"comment_status":"closed","ping_status":"closed","template":"","meta":{"_et_pb_use_builder":"on","_et_pb_old_content":"","_et_gb_content_width":"","footnotes":""},"class_list":["post-892","page","type-page","status-publish","hentry"],"_links":{"self":[{"href":"https:\/\/marvis-trade.si\/hr\/wp-json\/wp\/v2\/pages\/892","targetHints":{"allow":["GET"]}}],"collection":[{"href":"https:\/\/marvis-trade.si\/hr\/wp-json\/wp\/v2\/pages"}],"about":[{"href":"https:\/\/marvis-trade.si\/hr\/wp-json\/wp\/v2\/types\/page"}],"author":[{"embeddable":true,"href":"https:\/\/marvis-trade.si\/hr\/wp-json\/wp\/v2\/users\/1"}],"replies":[{"embeddable":true,"href":"https:\/\/marvis-trade.si\/hr\/wp-json\/wp\/v2\/comments?post=892"}],"version-history":[{"count":14,"href":"https:\/\/marvis-trade.si\/hr\/wp-json\/wp\/v2\/pages\/892\/revisions"}],"predecessor-version":[{"id":1687,"href":"https:\/\/marvis-trade.si\/hr\/wp-json\/wp\/v2\/pages\/892\/revisions\/1687"}],"wp:attachment":[{"href":"https:\/\/marvis-trade.si\/hr\/wp-json\/wp\/v2\/media?parent=892"}],"curies":[{"name":"wp","href":"https:\/\/api.w.org\/{rel}","templated":true}]}}