{"id":848,"date":"2025-01-20T13:10:19","date_gmt":"2025-01-20T12:10:19","guid":{"rendered":"https:\/\/marvis-trade.si\/hr\/?page_id=848"},"modified":"2026-04-20T11:34:02","modified_gmt":"2026-04-20T10:34:02","slug":"krmilnik-mt-s150","status":"publish","type":"page","link":"https:\/\/marvis-trade.si\/hr\/krmilnik-mt-s150\/","title":{"rendered":"Krmilnik MT S150"},"content":{"rendered":"<p>[et_pb_section fb_built=&#8221;1&#8243; admin_label=&#8221;Hero&#8221; _builder_version=&#8221;4.17.6&#8243; _module_preset=&#8221;default&#8221; locked=&#8221;off&#8221; collapsed=&#8221;on&#8221; global_colors_info=&#8221;{}&#8221;][et_pb_row column_structure=&#8221;3_5,2_5&#8243; _builder_version=&#8221;4.17.6&#8243; _module_preset=&#8221;5138c454-be54-4233-bd3b-f8e6a8747976&#8243; global_colors_info=&#8221;{}&#8221;][et_pb_column type=&#8221;3_5&#8243; _builder_version=&#8221;4.16&#8243; _module_preset=&#8221;73121f80-a3ef-4484-8763-c3f18e3c56d2&#8243; global_colors_info=&#8221;{}&#8221;][et_pb_heading title=&#8221;GSM modul (kontroler) MT S150&#8243; _builder_version=&#8221;4.27.4&#8243; _module_preset=&#8221;ddeb8c09-9078-4424-bc15-2efb6572e28e&#8221; title_font=&#8221;IBM Plex Sans Condensed|IBM Plex Sans Condensed_weight|||||||&#8221; title_text_color=&#8221;#111111&#8243; locked=&#8221;off&#8221; global_colors_info=&#8221;{}&#8221;][\/et_pb_heading][\/et_pb_column][et_pb_column type=&#8221;2_5&#8243; _builder_version=&#8221;4.16&#8243; _module_preset=&#8221;73121f80-a3ef-4484-8763-c3f18e3c56d2&#8243; global_colors_info=&#8221;{}&#8221;][et_pb_heading title=&#8221;Oja\u010dajte svoje sustave danas&#8221; _builder_version=&#8221;4.27.4&#8243; _module_preset=&#8221;ba4a6336-701f-47b8-bf5c-09da0ce28016&#8243; title_font=&#8221;IBM Plex Sans Condensed|IBM Plex Sans Condensed_weight|||||||&#8221; title_text_color=&#8221;#111111&#8243; locked=&#8221;off&#8221; global_colors_info=&#8221;{}&#8221;][\/et_pb_heading][et_pb_text quote_border_color=&#8221;#457b9d&#8221; _builder_version=&#8221;4.27.4&#8243; _module_preset=&#8221;2c55a9c4-feed-423b-9edb-ae0b5b365cac&#8221; text_font=&#8221;IBM Plex Sans|IBM Plex Sans_weight|||||||&#8221; text_text_color=&#8221;rgba(0,0,0,0.64)&#8221; link_font=&#8221;|IBM Plex Sans_weight|||||||&#8221; link_text_color=&#8221;#1d3557&#8243; quote_font=&#8221;IBM Plex Sans Condensed|IBM Plex Sans Condensed_weight|||||||&#8221; quote_text_color=&#8221;#111111&#8243; header_font=&#8221;IBM Plex Sans Condensed|IBM Plex Sans Condensed_weight|||||||&#8221; header_text_color=&#8221;#111111&#8243; header_2_font=&#8221;IBM Plex Sans Condensed|IBM Plex Sans Condensed_weight|||||||&#8221; header_2_text_color=&#8221;#111111&#8243; header_3_font=&#8221;IBM Plex Sans Condensed|IBM Plex Sans Condensed_weight|||||||&#8221; header_3_text_color=&#8221;#111111&#8243; header_4_font=&#8221;IBM Plex Sans Condensed|IBM Plex Sans Condensed_weight|||||||&#8221; header_4_text_color=&#8221;#111111&#8243; header_5_font=&#8221;IBM Plex Sans Condensed|IBM Plex Sans Condensed_weight|||||||&#8221; header_5_text_color=&#8221;#111111&#8243; header_6_font=&#8221;IBM Plex Sans Condensed|IBM Plex Sans Condensed_weight|||||||&#8221; header_6_text_color=&#8221;#111111&#8243; custom_padding=&#8221;||0px|||&#8221; locked=&#8221;off&#8221; global_colors_info=&#8221;{}&#8221;]<\/p>\n<p>Otkrijte vrhunsko rje\u0161enje za besprijekornu komunikaciju i kontrolu s MT S150 GSM kontrolerom, dizajniranim za pobolj\u0161anje u\u010dinkovitosti i pouzdanosti va\u0161eg rada.<\/p>\n<p>[\/et_pb_text][\/et_pb_column][\/et_pb_row][et_pb_row _builder_version=&#8221;4.17.6&#8243; _module_preset=&#8221;5138c454-be54-4233-bd3b-f8e6a8747976&#8243; global_colors_info=&#8221;{}&#8221;][et_pb_column type=&#8221;4_4&#8243; _builder_version=&#8221;4.16&#8243; _module_preset=&#8221;73121f80-a3ef-4484-8763-c3f18e3c56d2&#8243; global_colors_info=&#8221;{}&#8221;][et_pb_image src=&#8221;https:\/\/marvis-trade.si\/hr\/wp-content\/uploads\/sites\/3\/2025\/01\/GSM-krmilnik-MT-S150.webp&#8221; title_text=&#8221;GSM krmilnik MT S150&#8243; _builder_version=&#8221;4.27.4&#8243; _module_preset=&#8221;default&#8221; global_colors_info=&#8221;{}&#8221;][\/et_pb_image][\/et_pb_column][\/et_pb_row][\/et_pb_section][et_pb_section fb_built=&#8221;1&#8243; admin_label=&#8221;About&#8221; _builder_version=&#8221;4.25.1&#8243; _module_preset=&#8221;default&#8221; collapsed=&#8221;on&#8221; global_colors_info=&#8221;{}&#8221;][et_pb_row _builder_version=&#8221;4.25.1&#8243; _module_preset=&#8221;048d8e79-b07f-439b-bd57-f41c14f0a56b&#8221; global_colors_info=&#8221;{}&#8221;][et_pb_column type=&#8221;4_4&#8243; _builder_version=&#8221;4.25.1&#8243; _module_preset=&#8221;default&#8221; global_colors_info=&#8221;{}&#8221;][et_pb_heading title=&#8221;MT S150 \u2013 Inteligentni GSM RTU kontroler za nadzor i upravljanje&#8221; _builder_version=&#8221;4.27.6&#8243; _module_preset=&#8221;c33f07d9-41e0-421a-8799-5799df695cce&#8221; title_font=&#8221;IBM Plex Sans Condensed|IBM Plex Sans Condensed_weight|||||||&#8221; title_text_color=&#8221;#111111&#8243; hover_enabled=&#8221;0&#8243; global_colors_info=&#8221;{}&#8221; sticky_enabled=&#8221;0&#8243;][\/et_pb_heading][et_pb_text _builder_version=&#8221;4.27.6&#8243; _module_preset=&#8221;default&#8221; hover_enabled=&#8221;0&#8243; global_colors_info=&#8221;{}&#8221; sticky_enabled=&#8221;0&#8243;]<\/p>\n<p><b data-path-to-node=\"8\" data-index-in-node=\"0\">MT-S150<\/b> predstavlja vi\u0161u razinu automatizacije i sigurnosti. Za razliku od standardnih GSM otvara\u010da koji samo aktiviraju relej, MT-S150 je punokrvni <b data-path-to-node=\"8\" data-index-in-node=\"149\">Remote Terminal Unit (RTU)<\/b> koji omogu\u0107uje dvosmjernu komunikaciju. To zna\u010di da s ovim ure\u0111ajem mo\u017eete ne samo upravljati opremom na daljinu, ve\u0107 i primati trenutne obavijesti o statusu va\u0161ih sustava izravno na va\u0161 mobilni telefon.<\/p>\n<p>[\/et_pb_text][et_pb_text _builder_version=&#8221;4.27.4&#8243; _module_preset=&#8221;default&#8221; global_colors_info=&#8221;{}&#8221;]<\/p>\n<p>&nbsp;<\/p>\n<h4>Izgled softvera za pode\u0161avanje i programiranje GSM modula MT S150<\/h4>\n<p>[\/et_pb_text][et_pb_image src=&#8221;https:\/\/marvis-trade.si\/hr\/wp-content\/uploads\/sites\/3\/2025\/01\/MT-S140-GSM-krmilnik-programska-oprema.jpg&#8221; title_text=&#8221;MT S140 GSM krmilnik programska oprema&#8221; align=&#8221;center&#8221; _builder_version=&#8221;4.27.4&#8243; _module_preset=&#8221;default&#8221; global_colors_info=&#8221;{}&#8221;][\/et_pb_image][et_pb_text _builder_version=&#8221;4.27.4&#8243; _module_preset=&#8221;default&#8221; global_colors_info=&#8221;{}&#8221;]<\/p>\n<h4>S150 GSM kontroler prikladan je za sljede\u0107e primjene:<\/h4>\n<p>[\/et_pb_text][et_pb_text quote_border_color=&#8221;#457b9d&#8221; _builder_version=&#8221;4.27.6&#8243; _module_preset=&#8221;2c55a9c4-feed-423b-9edb-ae0b5b365cac&#8221; text_font=&#8221;IBM Plex Sans|IBM Plex Sans_weight|||||||&#8221; text_text_color=&#8221;rgba(0,0,0,0.64)&#8221; link_font=&#8221;|IBM Plex Sans_weight|||||||&#8221; link_text_color=&#8221;#1d3557&#8243; quote_font=&#8221;IBM Plex Sans Condensed|IBM Plex Sans Condensed_weight|||||||&#8221; quote_text_color=&#8221;#111111&#8243; header_font=&#8221;IBM Plex Sans Condensed|IBM Plex Sans Condensed_weight|||||||&#8221; header_text_color=&#8221;#111111&#8243; header_2_font=&#8221;IBM Plex Sans Condensed|IBM Plex Sans Condensed_weight|||||||&#8221; header_2_text_color=&#8221;#111111&#8243; header_3_font=&#8221;IBM Plex Sans Condensed|IBM Plex Sans Condensed_weight|||||||&#8221; header_3_text_color=&#8221;#111111&#8243; header_4_font=&#8221;IBM Plex Sans Condensed|IBM Plex Sans Condensed_weight|||||||&#8221; header_4_text_color=&#8221;#111111&#8243; header_5_font=&#8221;IBM Plex Sans Condensed|IBM Plex Sans Condensed_weight|||||||&#8221; header_5_text_color=&#8221;#111111&#8243; header_6_font=&#8221;IBM Plex Sans Condensed|IBM Plex Sans Condensed_weight|||||||&#8221; header_6_text_color=&#8221;#111111&#8243; hover_enabled=&#8221;0&#8243; global_colors_info=&#8221;{}&#8221; sticky_enabled=&#8221;0&#8243;]<\/p>\n<h3 data-path-to-node=\"9\">Dvosmjerna kontrola: Vi\u0161e od obi\u010dnog daljinskog upravlja\u010da<\/h3>\n<p data-path-to-node=\"10\">Glavna snaga modela MT-S150 le\u017ei u kombinaciji <b data-path-to-node=\"10\" data-index-in-node=\"47\">izlaznog releja<\/b> i <b data-path-to-node=\"10\" data-index-in-node=\"65\">digitalnih ulaza<\/b>.<\/p>\n<ul data-path-to-node=\"11\">\n<li>\n<p data-path-to-node=\"11,0,0\"><b data-path-to-node=\"11,0,0\" data-index-in-node=\"0\">Upravljanje (Izlaz):<\/b> Ba\u0161 kao i ostali modeli iz MT serije, MT-S150 omogu\u0107uje besplatno otvaranje vrata ili uklju\u010divanje ure\u0111aja putem poziva (Caller ID) ili SMS-a.<\/p>\n<\/li>\n<li>\n<p data-path-to-node=\"11,1,0\"><b data-path-to-node=\"11,1,0\" data-index-in-node=\"0\">Nadzor (Ulazi):<\/b> Ure\u0111aj je opremljen digitalnim ulazima na koje mo\u017eete spojiti razne senzore (npr. magnetni kontakt, senzor razine teku\u0107ine, detektor dima ili kvar na stroju). Kada se senzor aktivira, MT-S150 vam trenutno \u0161alje SMS poruku ili vas poziva kako bi vas obavijestio o doga\u0111aju.<\/p>\n<\/li>\n<\/ul>\n<h3 data-path-to-node=\"12\">Maksimalna pouzdanost u industriji i ku\u0107anstvu<\/h3>\n<p data-path-to-node=\"13\">Zahvaljuju\u0107i svojoj robusnoj arhitekturi, MT-S150 je idealno rje\u0161enje za kriti\u010dne sustave gdje je informacija o stanju jednako va\u017ena kao i sama kontrola.<\/p>\n<ul data-path-to-node=\"14\">\n<li>\n<p data-path-to-node=\"14,0,0\"><b data-path-to-node=\"14,0,0\" data-index-in-node=\"0\">Industrijska automatizacija:<\/b> Nadzirite rad strojeva. Ako stroj stane zbog kvara, kontroler \u0107e vas odmah obavijestiti, \u0161tede\u0107i dragocjeno vrijeme zastoja.<\/p>\n<\/li>\n<li>\n<p data-path-to-node=\"14,1,0\"><b data-path-to-node=\"14,1,0\" data-index-in-node=\"0\">Sustavi navodnjavanja i pumpe:<\/b> Uklju\u010dite pumpu s udaljene lokacije i primite potvrdu je li sustav pod tlakom ili je do\u0161lo do istjecanja (pomo\u0107u spojenog senzora).<\/p>\n<\/li>\n<li>\n<p data-path-to-node=\"14,2,0\"><b data-path-to-node=\"14,2,0\" data-index-in-node=\"0\">Sigurnost objekata:<\/b> Koristite ga kao mini alarmnu centralu. Spojite detektore pokreta ili magnete za vrata i primajte dojave o provali izravno na mobitel bez potrebe za skupim alarmnim sustavima.<\/p>\n<\/li>\n<li>\n<p data-path-to-node=\"14,3,0\"><b data-path-to-node=\"14,3,0\" data-index-in-node=\"0\">Server sobe i vikendice:<\/b> Nadzirite nestanak struje ili aktivaciju protupo\u017earnog senzora.<\/p>\n<\/li>\n<\/ul>\n<h3 data-path-to-node=\"15\">Besplatno upravljanje i \u0161iroki kapacitet korisnika<\/h3>\n<p data-path-to-node=\"16\">MT-S150 omogu\u0107uje autorizaciju do <b data-path-to-node=\"16\" data-index-in-node=\"34\">200 korisnika<\/b>. Za glavne korisnike, otvaranje vrata ili aktivacija releja je <b data-path-to-node=\"16\" data-index-in-node=\"111\">potpuno besplatna<\/b> putem prepoznavanja broja pozivatelja. Ure\u0111aj prepoznaje va\u0161 broj, odra\u0111uje naredbu i prekida poziv prije naplate. Administrator ima potpunu kontrolu nad sustavom i mo\u017ee putem SMS-a ili aplikacije dodavati korisnike, mijenjati nazive alarma (npr. &#8220;Vrata skladi\u0161ta otvorena!&#8221;) i provjeravati status sustava.<\/p>\n<h3 data-path-to-node=\"17\">Napredne funkcije i za\u0161tita<\/h3>\n<p data-path-to-node=\"18\">Ovaj kontroler je dizajniran da radi 24\/7 u zahtjevnim uvjetima. Posjeduje ugra\u0111enu za\u0161titu i omogu\u0107uje programiranje odgoda (delay) na ulazima kako bi se izbjegli la\u017eni alarmi. Svi parametri se pohranjuju u internu memoriju, pa \u010dak i u slu\u010daju potpunog gubitka napajanja, postavke i popis korisnika ostaju sigurni.<\/p>\n<ul><\/ul>\n<p>[\/et_pb_text][et_pb_image src=&#8221;https:\/\/marvis-trade.si\/hr\/wp-content\/uploads\/sites\/3\/2025\/01\/GSM-krmilnik-MT-S140-crpalka.jpg&#8221; title_text=&#8221;GSM krmilnik MT S140 \u010drpalka&#8221; _builder_version=&#8221;4.27.4&#8243; _module_preset=&#8221;default&#8221; global_colors_info=&#8221;{}&#8221;][\/et_pb_image][et_pb_blurb title=&#8221;Funkcionalnosti GSM modula (kontrolera) MT S150:&#8221; use_icon=&#8221;on&#8221; font_icon=&#8221;&#xf0a0;||fa||900&#8243; image_icon_width=&#8221;50px&#8221; _builder_version=&#8221;4.27.4&#8243; _module_preset=&#8221;default&#8221; global_colors_info=&#8221;{}&#8221;]<\/p>\n<ul>\n<li>1 relejni izlaz (240V AC &amp; 3A), koji se mo\u017ee kontrolirati SMS porukama na ON ili OFF stanja;<\/li>\n<li>1 relejni izlaz (240V AC &amp; 3A), koji se mo\u017ee uklju\u010diti do 120 sekundi, a aktivira se pojavom alarma (koji od alarma aktivira relejni izlaz definira se kod programiranja kontrolera);<\/li>\n<li>8 digitalnih ulaza koji se mogu definirati kao NC, NO, EOL;<\/li>\n<li>Unos 3 telefonska broja za proslje\u0111ivanje SMS poruka i 5 telefonskih brojeva;<\/li>\n<li>SMS porukama mo\u017eemo uklju\u010diti ili isklju\u010diti ure\u0111aj, provjeriti status te uklju\u010diti i isklju\u010diti relej;<\/li>\n<li>Ure\u0111aj je za\u0161ti\u0107en lozinkom kako bi se sprije\u010dio neovla\u0161teni pristup;<\/li>\n<li>Ure\u0111aj se postavlja i programira pomo\u0107u softvera na ra\u010dunalu.<\/li>\n<li>Povezujemo ra\u010dunalo s ure\u0111ajem putem USB priklju\u010dka;<\/li>\n<li>SMS poruke tako\u0111er sadr\u017ee vremenske oznake;<\/li>\n<li>Rezervna baterija napaja ure\u0111aj do 24 sata u slu\u010daju nestanka struje (rezervna baterija ne kontrolira relejne izlaze u slu\u010daju nestanka struje);<\/li>\n<li>Ure\u0111ajem se mo\u017ee upravljati s bilo kojeg mjesta, nema ograni\u010denja udaljenosti;<\/li>\n<li>Ure\u0111aj radi u GSM mre\u017ei;<\/li>\n<li>Ure\u0111aj posjeduje CE certifikate.<\/li>\n<\/ul>\n<p>[\/et_pb_blurb][et_pb_image src=&#8221;https:\/\/marvis-trade.si\/hr\/wp-content\/uploads\/sites\/3\/2025\/01\/GSM-krmilnik-MT-S140-strojnica.jpg&#8221; title_text=&#8221;GSM krmilnik MT S140 strojnica&#8221; _builder_version=&#8221;4.27.4&#8243; _module_preset=&#8221;default&#8221; global_colors_info=&#8221;{}&#8221;][\/et_pb_image][et_pb_blurb title=&#8221;Specifikacija GSM kontrolera (modula) MT S150:&#8221; use_icon=&#8221;on&#8221; font_icon=&#8221;&#xf022;||fa||900&#8243; image_icon_width=&#8221;50px&#8221; _builder_version=&#8221;4.27.4&#8243; _module_preset=&#8221;default&#8221; border_radii_image=&#8221;off|6px|6px|6px|6px&#8221; global_colors_info=&#8221;{}&#8221;]<\/p>\n<p>&nbsp;<\/p>\n<table width=\"580\">\n<tbody>\n<tr>\n<td><strong>Opis<\/strong><\/td>\n<td><strong>Vrednost<\/strong><\/td>\n<\/tr>\n<tr>\n<td>GSM frekvencija<\/td>\n<td>900\/1800\/1900Mhz<\/td>\n<\/tr>\n<tr>\n<td>DC napajanje<\/td>\n<td>Standardni adapter: DC 12V\/1.5A<\/td>\n<\/tr>\n<tr>\n<td>Jakost struje<\/td>\n<td>Max:500mA\u00a0\u00a0\u00a0\u00a0Normalno\u00a0:50mA **<\/td>\n<\/tr>\n<tr>\n<td>SIM kartica<\/td>\n<td>Podpira 3V SIM kartice<\/td>\n<\/tr>\n<tr>\n<td>GSM Antena<\/td>\n<td>Prenosna antena:\u00a0Gain:2dBi\u00a0\u00a0vi\u0161ina:\u00a05cm\u00a0\u00a0konektor:\u00a0SMA50 \u03a9 SMA antenski priklop,\u00a0Tip kabla:\u00a0Gain:3dBidol\u017eina:3-5m\u00a0\u00a0konektor\u00a0:SMA<\/td>\n<\/tr>\n<tr>\n<td>Serijski ulaz<\/td>\n<td>USB vhod<\/td>\n<\/tr>\n<tr>\n<td>DI Ulazi<\/td>\n<td>8 ulaza, \u00a0NC,NO,EOL.<\/td>\n<\/tr>\n<tr>\n<td>Relejski izlazi<\/td>\n<td>2 izlaza, 240VAC@3A, releja vgrajena v napravo<\/td>\n<\/tr>\n<tr>\n<td>Vanjske dimenzije<\/td>\n<td>DX\u0160XV 153x86x28mm<\/td>\n<\/tr>\n<tr>\n<td>Baterija rez. napajanja<\/td>\n<td>3.7V\u00a0\u00a01200MAh\u00a0\u00a0LI-ION<\/td>\n<\/tr>\n<tr>\n<td>Radni raspon \u2013 temperatura<\/td>\n<td>-20\u00b0C\u00a0~\u00a0+60 \u00b0C<\/td>\n<\/tr>\n<tr>\n<td>Radni raspon \u2013 vla\u017enost<\/td>\n<td>Relativna vla\u017enost 20~95% (brez kondenzacije)<\/td>\n<\/tr>\n<tr>\n<td>Te\u017ea<\/td>\n<td>320g<\/td>\n<\/tr>\n<tr>\n<td>** Elektri\u010dne karakteristike definirane su na 25\u00b0C<\/td>\n<td><\/td>\n<\/tr>\n<\/tbody>\n<\/table>\n<p>[\/et_pb_blurb][et_pb_text _builder_version=&#8221;4.27.6&#8243; _module_preset=&#8221;default&#8221; hover_enabled=&#8221;0&#8243; sticky_enabled=&#8221;0&#8243;]<\/p>\n<h3 data-path-to-node=\"21\">Za\u0161to kupiti MT-S150 u Marvis Trade-u?<\/h3>\n<p data-path-to-node=\"22\">Kada birate ure\u0111aj poput <b data-path-to-node=\"22\" data-index-in-node=\"25\">MT-S150<\/b>, kupujete rje\u0161enje za nadzor va\u0161ih dragocjenosti. U <b data-path-to-node=\"22\" data-index-in-node=\"85\">Marvis Trade-u<\/b> razumijemo tehni\u010dke specifikacije i nudimo vam podr\u0161ku pri konfiguraciji ulaza i izlaza. Na\u0161i ure\u0111aji su originalni, testirani i dolaze s jamstvom, osiguravaju\u0107i vam mirnu savjest bilo da nadzirete svoju ku\u0107u, vikendicu ili proizvodni pogon.<\/p>\n<p>[\/et_pb_text][\/et_pb_column][\/et_pb_row][\/et_pb_section][et_pb_section fb_built=&#8221;1&#8243; admin_label=&#8221;Product Comparison&#8221; _builder_version=&#8221;4.24.3&#8243; _module_preset=&#8221;default&#8221; global_colors_info=&#8221;{}&#8221;][et_pb_row _builder_version=&#8221;4.24.3&#8243; _module_preset=&#8221;default&#8221; global_colors_info=&#8221;{}&#8221;][et_pb_column type=&#8221;4_4&#8243; _builder_version=&#8221;4.24.3&#8243; _module_preset=&#8221;default&#8221; global_colors_info=&#8221;{}&#8221;][et_pb_heading title=&#8221;Upute i softver za MT S150&#8243; _builder_version=&#8221;4.27.4&#8243; _module_preset=&#8221;c33f07d9-41e0-421a-8799-5799df695cce&#8221; title_font=&#8221;IBM Plex Sans Condensed|IBM Plex Sans Condensed_weight|||||||&#8221; title_text_color=&#8221;#111111&#8243; global_colors_info=&#8221;{}&#8221;][\/et_pb_heading][et_pb_text _builder_version=&#8221;4.27.4&#8243; _module_preset=&#8221;default&#8221; global_colors_info=&#8221;{}&#8221;]<\/p>\n<p>Skenirajte ili kliknite na QR ikonu za preuzimanje!<\/p>\n<p>[\/et_pb_text][\/et_pb_column][\/et_pb_row][et_pb_row column_structure=&#8221;1_3,1_3,1_3&#8243; _builder_version=&#8221;4.24.3&#8243; _module_preset=&#8221;default&#8221; global_colors_info=&#8221;{}&#8221;][et_pb_column type=&#8221;1_3&#8243; _builder_version=&#8221;4.24.3&#8243; _module_preset=&#8221;abf3c322-b168-4918-b3da-edbf076632f5&#8243; global_colors_info=&#8221;{}&#8221;][et_pb_blurb title=&#8221;Upute za MT S150&#8243; url=&#8221;https:\/\/marvis-trade.si\/Krmilniki\/S150\/S150_GSM_krmilnik_HR.pdf&#8221; url_new_window=&#8221;on&#8221; image=&#8221;https:\/\/marvis-trade.si\/hr\/wp-content\/uploads\/sites\/3\/2025\/01\/S150_Slo-navodila-QR-koda.bmp&#8221; alt=&#8221;MT S150 navodila SLO&#8221; _builder_version=&#8221;4.27.4&#8243; _module_preset=&#8221;default&#8221; global_colors_info=&#8221;{}&#8221;][\/et_pb_blurb][\/et_pb_column][et_pb_column type=&#8221;1_3&#8243; _builder_version=&#8221;4.24.3&#8243; _module_preset=&#8221;abf3c322-b168-4918-b3da-edbf076632f5&#8243; global_colors_info=&#8221;{}&#8221;][et_pb_blurb title=&#8221;PC aplikacija za postavljanje MT S150&#8243; url=&#8221;https:\/\/marvis-trade.si\/Krmilniki\/S150\/S130_PC_Configurator.rar&#8221; image=&#8221;https:\/\/marvis-trade.si\/hr\/wp-content\/uploads\/sites\/3\/2025\/01\/S150_PC-aplikacija-QR-koda.bmp&#8221; _builder_version=&#8221;4.27.4&#8243; _module_preset=&#8221;default&#8221; global_colors_info=&#8221;{}&#8221;][\/et_pb_blurb][\/et_pb_column][et_pb_column type=&#8221;1_3&#8243; _builder_version=&#8221;4.24.3&#8243; _module_preset=&#8221;abf3c322-b168-4918-b3da-edbf076632f5&#8243; global_colors_info=&#8221;{}&#8221;][et_pb_blurb title=&#8221;CP210x upravlja\u010dki programi za UART RS232 bridge&#8221; url=&#8221;https:\/\/marvis-trade.si\/Krmilniki\/Gonilniki\/CP210x_Universal_Windows_Driver.zip&#8221; image=&#8221;https:\/\/marvis-trade.si\/hr\/wp-content\/uploads\/sites\/3\/2025\/01\/S150_CP210x-driverji-QR-koda.bmp&#8221; alt=&#8221;MT S150 CP210x gonilniki&#8221; _builder_version=&#8221;4.27.4&#8243; _module_preset=&#8221;default&#8221; global_colors_info=&#8221;{}&#8221;][\/et_pb_blurb][\/et_pb_column][\/et_pb_row][\/et_pb_section]<\/p>\n","protected":false},"excerpt":{"rendered":"<p>Otkrijte vrhunsko rje\u0161enje za besprijekornu komunikaciju i kontrolu s MT S150 GSM kontrolerom, dizajniranim za pobolj\u0161anje u\u010dinkovitosti i pouzdanosti va\u0161eg rada.MT-S150 predstavlja vi\u0161u razinu automatizacije i sigurnosti. Za razliku od standardnih GSM otvara\u010da koji samo aktiviraju relej, MT-S150 je punokrvni Remote Terminal Unit (RTU) koji omogu\u0107uje dvosmjernu komunikaciju. To zna\u010di da s ovim ure\u0111ajem mo\u017eete [&hellip;]<\/p>\n","protected":false},"author":1,"featured_media":0,"parent":0,"menu_order":0,"comment_status":"closed","ping_status":"closed","template":"","meta":{"_et_pb_use_builder":"on","_et_pb_old_content":"","_et_gb_content_width":"","footnotes":""},"class_list":["post-848","page","type-page","status-publish","hentry"],"_links":{"self":[{"href":"https:\/\/marvis-trade.si\/hr\/wp-json\/wp\/v2\/pages\/848","targetHints":{"allow":["GET"]}}],"collection":[{"href":"https:\/\/marvis-trade.si\/hr\/wp-json\/wp\/v2\/pages"}],"about":[{"href":"https:\/\/marvis-trade.si\/hr\/wp-json\/wp\/v2\/types\/page"}],"author":[{"embeddable":true,"href":"https:\/\/marvis-trade.si\/hr\/wp-json\/wp\/v2\/users\/1"}],"replies":[{"embeddable":true,"href":"https:\/\/marvis-trade.si\/hr\/wp-json\/wp\/v2\/comments?post=848"}],"version-history":[{"count":16,"href":"https:\/\/marvis-trade.si\/hr\/wp-json\/wp\/v2\/pages\/848\/revisions"}],"predecessor-version":[{"id":1701,"href":"https:\/\/marvis-trade.si\/hr\/wp-json\/wp\/v2\/pages\/848\/revisions\/1701"}],"wp:attachment":[{"href":"https:\/\/marvis-trade.si\/hr\/wp-json\/wp\/v2\/media?parent=848"}],"curies":[{"name":"wp","href":"https:\/\/api.w.org\/{rel}","templated":true}]}}