{"id":53,"date":"2025-01-13T11:29:41","date_gmt":"2025-01-13T11:29:41","guid":{"rendered":"https:\/\/marvis-trade.si\/hr\/?page_id=53"},"modified":"2026-04-22T19:35:46","modified_gmt":"2026-04-22T18:35:46","slug":"about","status":"publish","type":"page","link":"https:\/\/marvis-trade.si\/hr\/about\/","title":{"rendered":"O nama"},"content":{"rendered":"<p>[et_pb_section fb_built=&#8221;1&#8243; admin_label=&#8221;Hero&#8221; _builder_version=&#8221;4.18.0&#8243; _module_preset=&#8221;default&#8221; custom_margin=&#8221;||-63px|||&#8221; locked=&#8221;off&#8221; collapsed=&#8221;on&#8221; global_colors_info=&#8221;{}&#8221;][et_pb_row _builder_version=&#8221;4.24.2&#8243; _module_preset=&#8221;5138c454-be54-4233-bd3b-f8e6a8747976&#8243; locked=&#8221;off&#8221; global_colors_info=&#8221;{}&#8221;][et_pb_column type=&#8221;4_4&#8243; _builder_version=&#8221;4.23.1&#8243; _module_preset=&#8221;73121f80-a3ef-4484-8763-c3f18e3c56d2&#8243; global_colors_info=&#8221;{}&#8221;][et_pb_heading title=&#8221;Otkrijte na\u0161u predanost izvrsnosti&#8221; _builder_version=&#8221;4.27.4&#8243; _module_preset=&#8221;f0c675ea-2574-4d0e-b725-30f8550a8550&#8243; title_text_align=&#8221;center&#8221; title_text_color=&#8221;gcid-primary-color&#8221; locked=&#8221;off&#8221; global_colors_info=&#8221;{%22gcid-primary-color%22:%91%22title_text_color%22%93}&#8221;][\/et_pb_heading][et_pb_heading title=&#8221;Marvis trade d.o.o.&#8221; _builder_version=&#8221;4.27.4&#8243; _module_preset=&#8221;ddeb8c09-9078-4424-bc15-2efb6572e28e&#8221; title_text_align=&#8221;center&#8221; locked=&#8221;off&#8221; global_colors_info=&#8221;{%22gcid-primary-color%22:%91%22title_text_color%22%93}&#8221;][\/et_pb_heading][et_pb_text _builder_version=&#8221;4.27.4&#8243; _module_preset=&#8221;2c55a9c4-feed-423b-9edb-ae0b5b365cac&#8221; text_orientation=&#8221;center&#8221; locked=&#8221;off&#8221; global_colors_info=&#8221;{}&#8221;]<\/p>\n<p>Istra\u017eite na\u0161u predanost pru\u017eanju vrhunske kvalitete<\/p>\n<p>rje\u0161enja i inovativne tehnologije.<\/p>\n<p>[\/et_pb_text][\/et_pb_column][\/et_pb_row][\/et_pb_section][et_pb_section fb_built=&#8221;1&#8243; admin_label=&#8221;About&#8221; _builder_version=&#8221;4.25.1&#8243; _module_preset=&#8221;default&#8221; locked=&#8221;off&#8221; collapsed=&#8221;on&#8221; global_colors_info=&#8221;{}&#8221;][et_pb_row column_structure=&#8221;1_2,1_2&#8243; _builder_version=&#8221;4.27.4&#8243; _module_preset=&#8221;default&#8221; background_color=&#8221;#006d77&#8243; global_colors_info=&#8221;{}&#8221;][et_pb_column type=&#8221;1_2&#8243; _builder_version=&#8221;4.25.1&#8243; _module_preset=&#8221;default&#8221; global_colors_info=&#8221;{}&#8221;][et_pb_text _builder_version=&#8221;4.27.4&#8243; _module_preset=&#8221;2c55a9c4-feed-423b-9edb-ae0b5b365cac&#8221; text_text_color=&#8221;#FFFFFF&#8221; custom_margin=&#8221;|||13px|false|false&#8221; custom_padding=&#8221;||0px|||&#8221; global_colors_info=&#8221;{%22gcid-primary-color%22:%91%22link_text_color%22%93,%22gcid-heading-color%22:%91%22header_text_color%22,%22header_4_text_color%22,%22header_3_text_color%22,%22header_2_text_color%22,%22header_5_text_color%22,%22header_6_text_color%22,%22quote_text_color%22%93,%22gcid-secondary-color%22:%91%22quote_border_color%22%93}&#8221;]<\/p>\n<p>Tvrtka MARVIS TRADE d.o.o. je distribucijska tvrtka okrenuta budu\u0107nosti, osnovana 2010. godine, posve\u0107ena pru\u017eanju vrhunskih proizvoda i usluga. Na\u0161 glavni fokus je osiguravanje zadovoljstva kupaca, njegovanje sna\u017enih partnerstava i izgradnja trajnih poslovnih odnosa. Ponosimo se profesionalnom tehni\u010dkom i servisnom podr\u0161kom koja osigurava potpuno zadovoljstvo svih na\u0161ih korisnika.<\/p>\n<p>Kao ovla\u0161teni distributer svjetski poznatog ameri\u010dkog brenda KIDDE, specijalizirani smo za vrhunske detektore dima i uglji\u010dnog monoksida (CO). Na\u0161i proizvodi dostupni su u vode\u0107im tehni\u010dkim trgovinama diljem Slovenije, a raste i na\u0161a prisutnost u Hrvatskoj. Tako\u0111er nam vjeruju brojne dimnja\u010darske tvrtke i upravitelji stambenih zgrada.<\/p>\n<p>[\/et_pb_text][\/et_pb_column][et_pb_column type=&#8221;1_2&#8243; _builder_version=&#8221;4.25.1&#8243; _module_preset=&#8221;default&#8221; global_colors_info=&#8221;{}&#8221;][et_pb_image src=&#8221;https:\/\/marvis-trade.si\/hr\/wp-content\/uploads\/sites\/3\/2025\/01\/Nikon-006-2400&#215;1600-1.jpg&#8221; alt=&#8221;Marvis trade&#8221; title_text=&#8221;Nikon 006-2400&#215;1600&#8243; _builder_version=&#8221;4.27.6&#8243; _module_preset=&#8221;default&#8221; custom_padding=&#8221;|13px|||false|false&#8221; global_colors_info=&#8221;{}&#8221;][\/et_pb_image][\/et_pb_column][\/et_pb_row][\/et_pb_section][et_pb_section fb_built=&#8221;1&#8243; admin_label=&#8221;Text&#8221; _builder_version=&#8221;4.18.0&#8243; _module_preset=&#8221;default&#8221; locked=&#8221;off&#8221; collapsed=&#8221;on&#8221; global_colors_info=&#8221;{}&#8221;][et_pb_row column_structure=&#8221;3_5,2_5&#8243; _builder_version=&#8221;4.27.4&#8243; _module_preset=&#8221;333b8a65-5730-490d-b80e-51611171c668&#8243; border_radii=&#8221;on|6px|6px|6px|6px&#8221; global_colors_info=&#8221;{%22gcid-7cadd8b3-5228-48e4-90c4-212d09232f7b%22:%91%22color%22,%22color%22,%22header_text_color%22,%22color%22%93,%22gcid-36fd78a7-34bc-404d-873c-dafa34efaae5%22:%91%22color%22,%22icon_color%22,%22icon_color%22,%22icon_color%22,%22color%22%93,%22gcid-9a15b43a-75da-4015-a522-d0ef1179ded7%22:%91%22body_text_color%22%93}&#8221;][et_pb_column type=&#8221;3_5&#8243; _builder_version=&#8221;4.18.0&#8243; _module_preset=&#8221;73121f80-a3ef-4484-8763-c3f18e3c56d2&#8243; global_colors_info=&#8221;{}&#8221;][et_pb_image src=&#8221;https:\/\/marvis-trade.si\/hr\/wp-content\/uploads\/sites\/3\/2025\/01\/Nikon-009-2400&#215;1600-1.jpg&#8221; title_text=&#8221;Nikon 009-2400&#215;1600&#8243; _builder_version=&#8221;4.27.4&#8243; _module_preset=&#8221;default&#8221; global_colors_info=&#8221;{}&#8221;][\/et_pb_image][et_pb_text _builder_version=&#8221;4.27.4&#8243; _module_preset=&#8221;default&#8221; text_text_color=&#8221;#FFFFFF&#8221; global_colors_info=&#8221;{%22gcid-primary-color%22:%91%22link_text_color%22,%22link_text_color%22%93,%22gcid-heading-color%22:%91%22header_text_color%22,%22header_4_text_color%22,%22header_3_text_color%22,%22header_2_text_color%22,%22header_5_text_color%22,%22header_6_text_color%22,%22quote_text_color%22,%22header_text_color%22,%22header_4_text_color%22,%22header_3_text_color%22,%22header_2_text_color%22,%22header_5_text_color%22,%22header_6_text_color%22,%22quote_text_color%22%93,%22gcid-secondary-color%22:%91%22quote_border_color%22,%22quote_border_color%22%93}&#8221;]<\/p>\n<p>Na\u0161a ponuda se pro\u0161iruje na GSM LTE i WIFI module koji omogu\u0107uju napredno upravljanje ure\u0111ajem putem mobitela. Ovi pametni moduli omogu\u0107uju korisnicima pra\u0107enje temperature, upravljanje ure\u0111ajima, otvaranje dvori\u0161nih vrata itd.<\/p>\n<p>[\/et_pb_text][\/et_pb_column][et_pb_column type=&#8221;2_5&#8243; _builder_version=&#8221;4.18.0&#8243; _module_preset=&#8221;73121f80-a3ef-4484-8763-c3f18e3c56d2&#8243; global_colors_info=&#8221;{}&#8221;][et_pb_text _builder_version=&#8221;4.27.4&#8243; _module_preset=&#8221;0504de1e-f5ff-4281-ba60-cbbe4edf98bc&#8221; locked=&#8221;off&#8221; global_colors_info=&#8221;{}&#8221;]<\/p>\n<p>Sura\u0111ujemo s brojnim instalaterima, komunalnim poduze\u0107ima i proizvo\u0111a\u010dima dvori\u0161nih vrata koji u svoje projekte ugra\u0111uju na\u0161a inovativna rje\u0161enja.<\/p>\n<p>Osim toga, nudimo sigurna parkirna mjesta za \u010damce, kamp prikolice i kamper vozila u novoizgra\u0111enom za\u0161ti\u0107enom podru\u010dju od 1.800 m\u00b2, nude\u0107i natkrivene i nenatkrivene mogu\u0107nosti za optimalnu za\u0161titu va\u0161e imovine.<\/p>\n<p>Mi smo tvrtka koja napreduje na inovacijama, pouzdanosti i dugoro\u010dnim partnerstvima, predana pru\u017eanju iznimne usluge u svim sektorima kojima slu\u017eimo.<\/p>\n<p>[\/et_pb_text][\/et_pb_column][\/et_pb_row][\/et_pb_section][et_pb_section fb_built=&#8221;1&#8243; admin_label=&#8221;Text&#8221; _builder_version=&#8221;4.24.3&#8243; _module_preset=&#8221;default&#8221; use_background_color_gradient=&#8221;on&#8221; background_color_gradient_stops=&#8221;rgba(0,0,0,0.5) 0%|rgba(0,0,0,0.75) 100%&#8221; background_color_gradient_overlays_image=&#8221;on&#8221; background_color_gradient_start=&#8221;rgba(0,0,0,0.5)&#8221; background_color_gradient_end=&#8221;rgba(0,0,0,0.75)&#8221; background_image=&#8221;https:\/\/marvis-trade.si\/hr\/wp-content\/uploads\/sites\/3\/2025\/01\/0-ab0332d2-9044-4e98-a35b-9daff4f9f6b0-1920&#215;1080.jpg&#8221; parallax=&#8221;on&#8221; custom_padding=&#8221;8%||8%||true|false&#8221; locked=&#8221;off&#8221; collapsed=&#8221;on&#8221; global_colors_info=&#8221;{}&#8221;][et_pb_row _builder_version=&#8221;4.27.4&#8243; _module_preset=&#8221;5138c454-be54-4233-bd3b-f8e6a8747976&#8243; locked=&#8221;off&#8221; global_colors_info=&#8221;{}&#8221;][et_pb_column type=&#8221;4_4&#8243; _builder_version=&#8221;4.16.1&#8243; _module_preset=&#8221;73121f80-a3ef-4484-8763-c3f18e3c56d2&#8243; global_colors_info=&#8221;{}&#8221;][et_pb_heading title=&#8221;Na\u0161a vizija&#8221; _builder_version=&#8221;4.27.4&#8243; _module_preset=&#8221;f0c675ea-2574-4d0e-b725-30f8550a8550&#8243; title_text_color=&#8221;#FFFFFF&#8221; locked=&#8221;off&#8221; global_colors_info=&#8221;{}&#8221;][\/et_pb_heading][et_pb_heading title=&#8221;PRIHVATANJE INOVACIJA ZA SIGURNIJI I UDOBNIJI SUTRA&#8221; _builder_version=&#8221;4.27.4&#8243; _module_preset=&#8221;c33f07d9-41e0-421a-8799-5799df695cce&#8221; title_text_color=&#8221;#FFFFFF&#8221; locked=&#8221;off&#8221; global_colors_info=&#8221;{}&#8221;][\/et_pb_heading][\/et_pb_column][\/et_pb_row][\/et_pb_section][et_pb_section fb_built=&#8221;1&#8243; specialty=&#8221;on&#8221; admin_label=&#8221;Services&#8221; _builder_version=&#8221;4.17.6&#8243; _module_preset=&#8221;default&#8221; locked=&#8221;off&#8221; collapsed=&#8221;on&#8221; global_colors_info=&#8221;{}&#8221;][et_pb_column type=&#8221;2_3&#8243; specialty_columns=&#8221;2&#8243; _builder_version=&#8221;4.16&#8243; _module_preset=&#8221;default&#8221; custom_padding=&#8221;|||&#8221; global_colors_info=&#8221;{}&#8221; custom_padding__hover=&#8221;|||&#8221;][et_pb_row_inner _builder_version=&#8221;4.17.6&#8243; _module_preset=&#8221;default&#8221; global_colors_info=&#8221;{}&#8221;][et_pb_column_inner saved_specialty_column_type=&#8221;2_3&#8243; _builder_version=&#8221;4.16&#8243; _module_preset=&#8221;73121f80-a3ef-4484-8763-c3f18e3c56d2&#8243; global_colors_info=&#8221;{}&#8221;][et_pb_heading title=&#8221;Informacije o tvrtki&#8221; _builder_version=&#8221;4.27.4&#8243; _module_preset=&#8221;c33f07d9-41e0-421a-8799-5799df695cce&#8221; locked=&#8221;off&#8221; global_colors_info=&#8221;{}&#8221;][\/et_pb_heading][\/et_pb_column_inner][\/et_pb_row_inner][et_pb_row_inner _builder_version=&#8221;4.17.6&#8243; _module_preset=&#8221;default&#8221; locked=&#8221;off&#8221; global_colors_info=&#8221;{}&#8221;][et_pb_column_inner saved_specialty_column_type=&#8221;2_3&#8243; _builder_version=&#8221;4.17.6&#8243; _module_preset=&#8221;73121f80-a3ef-4484-8763-c3f18e3c56d2&#8243; global_colors_info=&#8221;{}&#8221;][et_pb_blurb use_icon=&#8221;on&#8221; font_icon=&#8221;&#xe065;||fa||900&#8243; _builder_version=&#8221;4.27.4&#8243; _module_preset=&#8221;65059203-12d3-44f6-8371-3f5cf61a0475&#8243; locked=&#8221;off&#8221; global_colors_info=&#8221;{}&#8221;]<\/p>\n<p><strong>MARVIS TRADE d.o.o.<\/strong><\/p>\n<p><strong>Polica 34b, 1290 Grosuplje (pored \u0161atora za skladi\u0161tenje)<\/strong><\/p>\n<p>Mati\u010dni broj: 3841502000<\/p>\n<p>ID br. za DDV: SI47191325<\/p>\n<p>Primjena br. Srg 2010\/39937, Okru\u017eni sud u Ljubljani<\/p>\n<p>Ra\u010dun u Banka<strong>\u00a0<\/strong>Intesa Sanpaolo d. d.: SI56 1010 0004 8864 036<\/p>\n<p>&nbsp;<\/p>\n<p><strong>RADNO VRIJEME: 09:00-16:00 ili po dogovoru poslijepodne.<\/strong><\/p>\n<p><strong>Savjetujemo da prije nego \u0161to do\u0111ete osobno provjerite na\u0161u prisutnost u uredu kako bismo bili sigurni da \u0107emo biti u uredu.<\/strong><\/p>\n<p>[\/et_pb_blurb][\/et_pb_column_inner][\/et_pb_row_inner][\/et_pb_column][et_pb_column type=&#8221;1_3&#8243; _builder_version=&#8221;4.16&#8243; _module_preset=&#8221;73121f80-a3ef-4484-8763-c3f18e3c56d2&#8243; custom_padding=&#8221;|||&#8221; global_colors_info=&#8221;{}&#8221; custom_padding__hover=&#8221;|||&#8221;][et_pb_image src=&#8221;https:\/\/marvis-trade.si\/hr\/wp-content\/uploads\/sites\/3\/2025\/01\/Nikon-006-2400&#215;1600-1.jpg&#8221; _builder_version=&#8221;4.27.6&#8243; _module_preset=&#8221;default&#8221; title_text=&#8221;Nikon 006-2400&#215;1600&#8243; hover_enabled=&#8221;0&#8243; sticky_enabled=&#8221;0&#8243;][\/et_pb_image][\/et_pb_column][\/et_pb_section]<\/p>\n","protected":false},"excerpt":{"rendered":"<p>Istra\u017eite na\u0161u predanost pru\u017eanju vrhunske kvalitete rje\u0161enja i inovativne tehnologije.Tvrtka MARVIS TRADE d.o.o. je distribucijska tvrtka okrenuta budu\u0107nosti, osnovana 2010. godine, posve\u0107ena pru\u017eanju vrhunskih proizvoda i usluga. Na\u0161 glavni fokus je osiguravanje zadovoljstva kupaca, njegovanje sna\u017enih partnerstava i izgradnja trajnih poslovnih odnosa. Ponosimo se profesionalnom tehni\u010dkom i servisnom podr\u0161kom koja osigurava potpuno zadovoljstvo svih na\u0161ih [&hellip;]<\/p>\n","protected":false},"author":1,"featured_media":0,"parent":0,"menu_order":0,"comment_status":"closed","ping_status":"closed","template":"","meta":{"_et_pb_use_builder":"on","_et_pb_old_content":"","_et_gb_content_width":"","footnotes":""},"class_list":["post-53","page","type-page","status-publish","hentry"],"_links":{"self":[{"href":"https:\/\/marvis-trade.si\/hr\/wp-json\/wp\/v2\/pages\/53","targetHints":{"allow":["GET"]}}],"collection":[{"href":"https:\/\/marvis-trade.si\/hr\/wp-json\/wp\/v2\/pages"}],"about":[{"href":"https:\/\/marvis-trade.si\/hr\/wp-json\/wp\/v2\/types\/page"}],"author":[{"embeddable":true,"href":"https:\/\/marvis-trade.si\/hr\/wp-json\/wp\/v2\/users\/1"}],"replies":[{"embeddable":true,"href":"https:\/\/marvis-trade.si\/hr\/wp-json\/wp\/v2\/comments?post=53"}],"version-history":[{"count":18,"href":"https:\/\/marvis-trade.si\/hr\/wp-json\/wp\/v2\/pages\/53\/revisions"}],"predecessor-version":[{"id":1781,"href":"https:\/\/marvis-trade.si\/hr\/wp-json\/wp\/v2\/pages\/53\/revisions\/1781"}],"wp:attachment":[{"href":"https:\/\/marvis-trade.si\/hr\/wp-json\/wp\/v2\/media?parent=53"}],"curies":[{"name":"wp","href":"https:\/\/api.w.org\/{rel}","templated":true}]}}