{"id":49,"date":"2025-01-13T11:29:41","date_gmt":"2025-01-13T11:29:41","guid":{"rendered":"https:\/\/marvis-trade.si\/hr\/?page_id=49"},"modified":"2026-04-22T19:02:35","modified_gmt":"2026-04-22T18:02:35","slug":"home","status":"publish","type":"page","link":"https:\/\/marvis-trade.si\/hr\/","title":{"rendered":"Po\u010detna stranica"},"content":{"rendered":"<p>[et_pb_section fb_built=&#8221;1&#8243; admin_label=&#8221;Hero&#8221; _builder_version=&#8221;4.18.0&#8243; _module_preset=&#8221;default&#8221; min_height=&#8221;714.6px&#8221; locked=&#8221;off&#8221; collapsed=&#8221;on&#8221; global_colors_info=&#8221;{}&#8221;][et_pb_row _builder_version=&#8221;4.27.4&#8243; _module_preset=&#8221;5138c454-be54-4233-bd3b-f8e6a8747976&#8243; border_radii=&#8221;on|10px|10px|10px|10px&#8221; border_color_all=&#8221;#006d77&#8243; locked=&#8221;off&#8221; global_colors_info=&#8221;{}&#8221;][et_pb_column type=&#8221;4_4&#8243; _builder_version=&#8221;4.23.1&#8243; _module_preset=&#8221;73121f80-a3ef-4484-8763-c3f18e3c56d2&#8243; global_colors_info=&#8221;{}&#8221;][et_pb_heading title=&#8221;Otkrijte vrhunska rje\u0161enja&#8221; _builder_version=&#8221;4.27.4&#8243; _module_preset=&#8221;f0c675ea-2574-4d0e-b725-30f8550a8550&#8243; title_text_align=&#8221;center&#8221; title_text_color=&#8221;gcid-primary-color&#8221; locked=&#8221;off&#8221; global_colors_info=&#8221;{%22gcid-primary-color%22:%91%22title_text_color%22%93}&#8221;][\/et_pb_heading][et_pb_heading title=&#8221;Dobrodo\u0161li u Marvis trade d.o.o.&#8221; _builder_version=&#8221;4.27.4&#8243; _module_preset=&#8221;ddeb8c09-9078-4424-bc15-2efb6572e28e&#8221; title_text_align=&#8221;center&#8221; locked=&#8221;off&#8221; global_colors_info=&#8221;{%22gcid-primary-color%22:%91%22title_text_color%22%93}&#8221;][\/et_pb_heading][et_pb_text _builder_version=&#8221;4.27.4&#8243; _module_preset=&#8221;2c55a9c4-feed-423b-9edb-ae0b5b365cac&#8221; text_orientation=&#8221;center&#8221; locked=&#8221;off&#8221; global_colors_info=&#8221;{}&#8221;]<\/p>\n<p>Istra\u017eite na\u0161 asortiman naprednih tehni\u010dkih sustava i proizvoda dizajniranih za za\u0161titu i upravljanje va\u0161im domom i poslom.<\/p>\n<p>[\/et_pb_text][\/et_pb_column][\/et_pb_row][et_pb_row column_structure=&#8221;1_2,1_2&#8243; _builder_version=&#8221;4.27.4&#8243; _module_preset=&#8221;default&#8221; global_colors_info=&#8221;{}&#8221;][et_pb_column type=&#8221;1_2&#8243; _builder_version=&#8221;4.27.4&#8243; _module_preset=&#8221;default&#8221; global_colors_info=&#8221;{}&#8221;][et_pb_image src=&#8221;https:\/\/marvis-trade.si\/hr\/wp-content\/uploads\/sites\/3\/2025\/01\/3-17f36eb1-c26c-4785-b727-d619d41868c6-800&#215;800.jpg&#8221; title_text=&#8221;high&#8221; _builder_version=&#8221;4.27.4&#8243; _module_preset=&#8221;default&#8221; global_colors_info=&#8221;{}&#8221;][\/et_pb_image][\/et_pb_column][et_pb_column type=&#8221;1_2&#8243; _builder_version=&#8221;4.27.4&#8243; _module_preset=&#8221;default&#8221; global_colors_info=&#8221;{}&#8221;][et_pb_blurb title=&#8221;KONTROLERI ZA NADZOR I UPRAVLJANJE &#8211; GSM 2G, LTE 4G I WiFi&#8221; use_icon=&#8221;on&#8221; font_icon=&#8221;&#xf519;||fa||900&#8243; _builder_version=&#8221;4.27.4&#8243; _module_preset=&#8221;default&#8221; header_text_color=&#8221;#000000&#8243; header_font_size=&#8221;30px&#8221; header_font_size_tablet=&#8221;25px&#8221; header_font_size_phone=&#8221;22px&#8221; global_colors_info=&#8221;{%22gcid-body-color%22:%91%22body_text_color%22,%22body_text_color%22%93,%22gcid-primary-color%22:%91%22body_link_text_color%22,%22icon_color%22,%22body_link_text_color%22,%22icon_color%22%93}&#8221;]<\/p>\n<p>Otkrijte bezbri\u017eno upravljanje s na\u0161im vrhunskim WiFi, GSM i LTE kontrolerima, dizajniranim za jednostavno i u\u010dinkovito upravljanje raznim ure\u0111ajima. Bilo da ste kod ku\u0107e ili u pokretu, na\u0161a napredna tehnologija omogu\u0107uje vam daljinsko otvaranje i zatvaranje vrata, pove\u0107avaju\u0107i va\u0161u udobnost i sigurnost. S na\u0161im rje\u0161enjima status i rad pojedinih ure\u0111aja uvijek \u0107ete imati pod kontrolom.<\/p>\n<p>[\/et_pb_blurb][et_pb_button button_url=&#8221;https:\/\/marvis-trade.si\/hr\/krmilniki-za-nadzor-in-upravljanje\/&#8221; button_text=&#8221;VI\u0160E O KONTROLERIMA ZA NADZOR I UPRAVLJANJE&#8221; _builder_version=&#8221;4.27.4&#8243; _module_preset=&#8221;default&#8221; global_colors_info=&#8221;{}&#8221;][\/et_pb_button][\/et_pb_column][\/et_pb_row][et_pb_row column_structure=&#8221;1_2,1_2&#8243; _builder_version=&#8221;4.27.4&#8243; _module_preset=&#8221;default&#8221; global_colors_info=&#8221;{}&#8221;][et_pb_column type=&#8221;1_2&#8243; _builder_version=&#8221;4.27.4&#8243; _module_preset=&#8221;default&#8221; global_colors_info=&#8221;{}&#8221;][et_pb_image src=&#8221;https:\/\/marvis-trade.si\/hr\/wp-content\/uploads\/sites\/3\/2025\/05\/1920&#215;1080-e1748104888185.png&#8221; title_text=&#8221;1920&#215;1080-e1748104888185&#8243; _builder_version=&#8221;4.27.4&#8243; _module_preset=&#8221;default&#8221; global_colors_info=&#8221;{}&#8221;][\/et_pb_image][\/et_pb_column][et_pb_column type=&#8221;1_2&#8243; _builder_version=&#8221;4.27.4&#8243; _module_preset=&#8221;default&#8221; global_colors_info=&#8221;{}&#8221;][et_pb_blurb title=&#8221; ALARMI KIDDE ZA CO I DIM, DETEKTORI ISPU\u0160TANJA PLINOVA&#8221; use_icon=&#8221;on&#8221; font_icon=&#8221;&#xf75f;||fa||900&#8243; _builder_version=&#8221;4.27.4&#8243; _module_preset=&#8221;default&#8221; header_font_size=&#8221;30px&#8221; header_font_size_tablet=&#8221;25px&#8221; header_font_size_phone=&#8221;22px&#8221; global_colors_info=&#8221;{}&#8221;]<\/p>\n<p>Osigurajte miran no\u0107ni san uz na\u0161e napredne detektore dima i CO Kidde. Proizvodi su dizajnirani da brzo detektiraju opasnost i na vrijeme vas upozore, omogu\u0107uju\u0107i vam da ne\u0161to poduzmete i za\u0161titite svoju obitelj. Uz modernu tehnologiju i jednostavnu monta\u017eu, na\u0161i su alarmi idealan izbor za svaki dom. Ne riskirajte, odaberite sigurnost koju donose Kidde detektori.<\/p>\n<p>[\/et_pb_blurb][et_pb_button button_url=&#8221;https:\/\/marvis-trade.si\/hr\/detektorji-co-dima-in-plina\/&#8221; button_text=&#8221;VI\u0160E O KIDDE CO, DETEKTORIMA DIMA I DETEKTORIMA IZPU\u0160TANJA PLINOVA&#8221; _builder_version=&#8221;4.27.4&#8243; _module_preset=&#8221;default&#8221; global_colors_info=&#8221;{}&#8221;][\/et_pb_button][\/et_pb_column][\/et_pb_row][et_pb_row column_structure=&#8221;1_2,1_2&#8243; _builder_version=&#8221;4.27.4&#8243; _module_preset=&#8221;default&#8221; global_colors_info=&#8221;{}&#8221;][et_pb_column type=&#8221;1_2&#8243; _builder_version=&#8221;4.27.4&#8243; _module_preset=&#8221;default&#8221; global_colors_info=&#8221;{}&#8221;][et_pb_image src=&#8221;https:\/\/marvis-trade.si\/hr\/wp-content\/uploads\/sites\/3\/2026\/04\/Alarmni-sistemi.jpg&#8221; title_text=&#8221;Alarmni sistemi&#8221; _builder_version=&#8221;4.27.6&#8243; _module_preset=&#8221;default&#8221; hover_enabled=&#8221;0&#8243; global_colors_info=&#8221;{}&#8221; sticky_enabled=&#8221;0&#8243;][\/et_pb_image][\/et_pb_column][et_pb_column type=&#8221;1_2&#8243; _builder_version=&#8221;4.27.4&#8243; _module_preset=&#8221;default&#8221; global_colors_info=&#8221;{}&#8221;][et_pb_blurb title=&#8221;POUZDANA RJE\u0160ENJA ZA SIGURNOST DOMA &#8211; KU\u0106NI ALARMNI SUSTAVI&#8221; use_icon=&#8221;on&#8221; font_icon=&#8221;&#xf6f1;||fa||900&#8243; _builder_version=&#8221;4.27.4&#8243; _module_preset=&#8221;default&#8221; header_font_size=&#8221;30px&#8221; custom_padding=&#8221;||18px|||&#8221; header_font_size_tablet=&#8221;25px&#8221; header_font_size_phone=&#8221;19px&#8221; global_colors_info=&#8221;{}&#8221;]<\/p>\n<p>Napredni ku\u0107ni alarmni sustavi s WiFi i mobilnom (GSM ili LTE) vezom. Imaju veliki zaslon osjetljiv na dodir s jednostavnim korisni\u010dkim su\u010deljem za programiranje i upravljanje te \u010dita\u010d RFID kartica. Daljinsko upravljanje pomo\u0107u daljinskih upravlja\u010da i aplikacije Tuya Smart ili Smart Life.<\/p>\n<p>Veliki izbor dodatne opreme kao \u0161to su IR senzori pokreta, magnetni kontakti za vrata i prozore, vanjske be\u017ei\u010dne sirene<\/p>\n<p>[\/et_pb_blurb][et_pb_button button_url=&#8221;https:\/\/marvis-trade.si\/hr\/hisni-alarmni-sistemi\/&#8221; button_text=&#8221;VI\u0160E O KU\u0106NIM ALARMNIM SUSTAVIMA I DODATNOJ OPREMI&#8221; _builder_version=&#8221;4.27.4&#8243; _module_preset=&#8221;default&#8221; global_colors_info=&#8221;{}&#8221;][\/et_pb_button][\/et_pb_column][\/et_pb_row][et_pb_row column_structure=&#8221;1_2,1_2&#8243; _builder_version=&#8221;4.27.4&#8243; _module_preset=&#8221;default&#8221; global_colors_info=&#8221;{}&#8221;][et_pb_column type=&#8221;1_2&#8243; _builder_version=&#8221;4.27.4&#8243; _module_preset=&#8221;default&#8221; global_colors_info=&#8221;{}&#8221;][et_pb_image src=&#8221;https:\/\/marvis-trade.si\/hr\/wp-content\/uploads\/sites\/3\/2026\/04\/GSM-domofon-in-brezzicni-zvonec.jpg&#8221; title_text=&#8221;GSM-domofon-in-brezzicni-zvonec&#8221; _builder_version=&#8221;4.27.6&#8243; _module_preset=&#8221;default&#8221; hover_enabled=&#8221;0&#8243; global_colors_info=&#8221;{}&#8221; sticky_enabled=&#8221;0&#8243;][\/et_pb_image][\/et_pb_column][et_pb_column type=&#8221;1_2&#8243; _builder_version=&#8221;4.27.4&#8243; _module_preset=&#8221;default&#8221; global_colors_info=&#8221;{}&#8221;][et_pb_blurb title=&#8221;GSM INTERFON I BE\u017dI\u010cNO ZVONO SA SENZOROM POKRETA&#8221; use_icon=&#8221;on&#8221; font_icon=&#8221;&#xf7af;||fa||400&#8243; _builder_version=&#8221;4.27.4&#8243; _module_preset=&#8221;default&#8221; header_font_size=&#8221;30px&#8221; header_font_size_tablet=&#8221;25px&#8221; header_font_size_phone=&#8221;22px&#8221; global_colors_info=&#8221;{}&#8221;]<\/p>\n<p>Otkrijte na\u0161 \u0161irok izbor portafona i be\u017ei\u010dnih zvona koji osiguravaju udobnost i sigurnost va\u0161eg doma. Na\u0161i proizvodi omogu\u0107uju jednostavnu komunikaciju i kontrolu pristupa, pove\u0107avaju\u0107i va\u0161u za\u0161titu i bezbri\u017enost. Uz modernu tehnologiju i elegantan dizajn, na\u0161i portafoni i be\u017ei\u010dna zvona idealno su rje\u0161enje za svaki dom. Provjerite na\u0161u ponudu i odaberite najbolje rje\u0161enje za svoje potrebe.<\/p>\n<p>[\/et_pb_blurb][et_pb_button button_url=&#8221;https:\/\/marvis-trade.si\/hr\/domofon-in-brezzicni-zvonec\/&#8221; button_text=&#8221;VI\u0160E O GSM INTERFONU I BE\u017dI\u010cNOM ZVONU SA SENZOROM POKRETA&#8221; _builder_version=&#8221;4.27.4&#8243; _module_preset=&#8221;default&#8221; global_colors_info=&#8221;{}&#8221;][\/et_pb_button][\/et_pb_column][\/et_pb_row][\/et_pb_section][et_pb_section fb_built=&#8221;1&#8243; admin_label=&#8221;About&#8221; _builder_version=&#8221;4.27.4&#8243; _module_preset=&#8221;default&#8221; min_height=&#8221;372.7px&#8221; locked=&#8221;off&#8221; collapsed=&#8221;on&#8221; global_colors_info=&#8221;{}&#8221;][et_pb_row _builder_version=&#8221;4.25.1&#8243; _module_preset=&#8221;default&#8221; global_colors_info=&#8221;{}&#8221;][et_pb_column type=&#8221;4_4&#8243; _builder_version=&#8221;4.25.1&#8243; _module_preset=&#8221;default&#8221; global_colors_info=&#8221;{}&#8221;][et_pb_heading title=&#8221;Pouzdan partner u distribuciji visoke tehnologije&#8221; _builder_version=&#8221;4.27.4&#8243; _module_preset=&#8221;c33f07d9-41e0-421a-8799-5799df695cce&#8221; title_text_align=&#8221;center&#8221; global_colors_info=&#8221;{}&#8221;][\/et_pb_heading][et_pb_text _builder_version=&#8221;4.27.4&#8243; _module_preset=&#8221;2c55a9c4-feed-423b-9edb-ae0b5b365cac&#8221; text_orientation=&#8221;center&#8221; global_colors_info=&#8221;{}&#8221;]<\/p>\n<p>Tvrtka Marvis trade d.o.o. je distributer visokotehnolo\u0161kih proizvoda, specijaliziran za vrhunska sigurnosna rje\u0161enja. Na\u0161a misija je pru\u017eiti vrhunske proizvode koji pove\u0107avaju sigurnost i u\u010dinkovitost. Uz sna\u017enu partnersku mre\u017eu, distribuiramo kontrolere za upravljanje ure\u0111ajima i zastupamo vode\u0107e proizvo\u0111a\u010de u sigurnosnoj industriji. Kao ovla\u0161teni Kidde distributer alarma, svojim kupcima osiguravamo najvi\u0161e standarde sigurnosti i kvalitete. Na\u0161a predanost prote\u017ee se na ponudu sveobuhvatnih rje\u0161enja.<\/p>\n<p>[\/et_pb_text][\/et_pb_column][\/et_pb_row][\/et_pb_section]<\/p>\n","protected":false},"excerpt":{"rendered":"<p>Istra\u017eite na\u0161 asortiman naprednih tehni\u010dkih sustava i proizvoda dizajniranih za za\u0161titu i upravljanje va\u0161im domom i poslom.Otkrijte bezbri\u017eno upravljanje s na\u0161im vrhunskim WiFi, GSM i LTE kontrolerima, dizajniranim za jednostavno i u\u010dinkovito upravljanje raznim ure\u0111ajima. Bilo da ste kod ku\u0107e ili u pokretu, na\u0161a napredna tehnologija omogu\u0107uje vam daljinsko otvaranje i zatvaranje vrata, pove\u0107avaju\u0107i va\u0161u [&hellip;]<\/p>\n","protected":false},"author":1,"featured_media":0,"parent":0,"menu_order":0,"comment_status":"closed","ping_status":"closed","template":"","meta":{"_et_pb_use_builder":"on","_et_pb_old_content":"","_et_gb_content_width":"","footnotes":""},"class_list":["post-49","page","type-page","status-publish","hentry"],"_links":{"self":[{"href":"https:\/\/marvis-trade.si\/hr\/wp-json\/wp\/v2\/pages\/49","targetHints":{"allow":["GET"]}}],"collection":[{"href":"https:\/\/marvis-trade.si\/hr\/wp-json\/wp\/v2\/pages"}],"about":[{"href":"https:\/\/marvis-trade.si\/hr\/wp-json\/wp\/v2\/types\/page"}],"author":[{"embeddable":true,"href":"https:\/\/marvis-trade.si\/hr\/wp-json\/wp\/v2\/users\/1"}],"replies":[{"embeddable":true,"href":"https:\/\/marvis-trade.si\/hr\/wp-json\/wp\/v2\/comments?post=49"}],"version-history":[{"count":59,"href":"https:\/\/marvis-trade.si\/hr\/wp-json\/wp\/v2\/pages\/49\/revisions"}],"predecessor-version":[{"id":1759,"href":"https:\/\/marvis-trade.si\/hr\/wp-json\/wp\/v2\/pages\/49\/revisions\/1759"}],"wp:attachment":[{"href":"https:\/\/marvis-trade.si\/hr\/wp-json\/wp\/v2\/media?parent=49"}],"curies":[{"name":"wp","href":"https:\/\/api.w.org\/{rel}","templated":true}]}}