{"id":262,"date":"2025-01-14T12:20:37","date_gmt":"2025-01-14T12:20:37","guid":{"rendered":"https:\/\/marvis-trade.si\/hr\/?page_id=262"},"modified":"2026-04-22T13:20:09","modified_gmt":"2026-04-22T12:20:09","slug":"splosni-pogoji-poslovanja","status":"publish","type":"page","link":"https:\/\/marvis-trade.si\/hr\/splosni-pogoji-poslovanja\/","title":{"rendered":"Splosni  pogoji poslovanja"},"content":{"rendered":"<p>[et_pb_section fb_built=&#8221;1&#8243; make_equal=&#8221;on&#8221; specialty=&#8221;on&#8221; bg_img_1=&#8221;https:\/\/images.unsplash.com\/photo-1667489022670-c15e60ecf20f?ixid=M3w1ODkyNzF8MHwxfHNlYXJjaHw2fHxidXNpbmVzcyUyMG1lZXRpbmd8ZW58MHwxfHx8MTczNjc4NTMxOHww&#038;ixlib=rb-4.0.3&#038;fm=webp&#038;fit=crop&#038;crop=entropy&#038;w=800&#038;h=1080&#038;q=20&#038;dpr=2&#8243; custom_css_main_1=&#8221;border-radius: 6px;&#8221; admin_label=&#8221;Hero&#8221; _builder_version=&#8221;4.27.4&#8243; _module_preset=&#8221;default&#8221; locked=&#8221;off&#8221; collapsed=&#8221;on&#8221; global_colors_info=&#8221;{}&#8221;][et_pb_column type=&#8221;1_2&#8243; _builder_version=&#8221;4.16&#8243; _module_preset=&#8221;73121f80-a3ef-4484-8763-c3f18e3c56d2&#8243; custom_padding=&#8221;|||&#8221; global_colors_info=&#8221;{}&#8221; custom_padding__hover=&#8221;|||&#8221;][et_pb_image src=&#8221;https:\/\/marvis-trade.si\/hr\/wp-content\/uploads\/sites\/3\/2025\/01\/0-8d069a2a-c054-4423-a0ed-c25687fd7db4-512&#215;512.jpg&#8221; _builder_version=&#8221;4.27.4&#8243; _module_preset=&#8221;default&#8221; global_colors_info=&#8221;{}&#8221;][\/et_pb_image][\/et_pb_column][et_pb_column type=&#8221;1_2&#8243; specialty_columns=&#8221;2&#8243; _builder_version=&#8221;4.16&#8243; _module_preset=&#8221;default&#8221; custom_padding=&#8221;|||&#8221; global_colors_info=&#8221;{}&#8221; custom_padding__hover=&#8221;|||&#8221;][et_pb_row_inner _builder_version=&#8221;4.27.4&#8243; _module_preset=&#8221;default&#8221; global_colors_info=&#8221;{}&#8221;][et_pb_column_inner saved_specialty_column_type=&#8221;1_2&#8243; _builder_version=&#8221;4.16&#8243; _module_preset=&#8221;73121f80-a3ef-4484-8763-c3f18e3c56d2&#8243; global_colors_info=&#8221;{}&#8221;][et_pb_heading title=&#8221;Pro\u010ditajte na\u0161e uvjete i odredbe&#8221; _builder_version=&#8221;4.27.4&#8243; _module_preset=&#8221;f0c675ea-2574-4d0e-b725-30f8550a8550&#8243; title_font=&#8221;IBM Plex Sans|IBM Plex Sans Condensed_weight||on|||||&#8221; title_text_color=&#8221;#023047&#8243; locked=&#8221;off&#8221; global_colors_info=&#8221;{%22#023047%22:%91%22title_text_color%22%93}&#8221;][\/et_pb_heading][et_pb_heading title=&#8221;Op\u0107i uvjeti poslovanja&#8221; _builder_version=&#8221;4.27.4&#8243; _module_preset=&#8221;ddeb8c09-9078-4424-bc15-2efb6572e28e&#8221; title_font=&#8221;IBM Plex Sans Condensed|IBM Plex Sans Condensed_weight|||||||&#8221; title_text_color=&#8221;#111111&#8243; locked=&#8221;off&#8221; global_colors_info=&#8221;{}&#8221;][\/et_pb_heading][\/et_pb_column_inner][\/et_pb_row_inner][\/et_pb_column][\/et_pb_section][et_pb_section fb_built=&#8221;1&#8243; admin_label=&#8221;Terms &#038; Conditions&#8221; _builder_version=&#8221;4.25.1&#8243; _module_preset=&#8221;default&#8221; collapsed=&#8221;on&#8221; global_colors_info=&#8221;{}&#8221;][et_pb_row _builder_version=&#8221;4.27.4&#8243; _module_preset=&#8221;default&#8221; global_colors_info=&#8221;{}&#8221;][et_pb_column type=&#8221;4_4&#8243; _builder_version=&#8221;4.25.1&#8243; _module_preset=&#8221;default&#8221; global_colors_info=&#8221;{}&#8221;][et_pb_text _builder_version=&#8221;4.27.6&#8243; _module_preset=&#8221;default&#8221; hover_enabled=&#8221;0&#8243; global_colors_info=&#8221;{}&#8221; sticky_enabled=&#8221;0&#8243;]<\/p>\n<p><strong>Op\u0107i uvjeti poslovanja<\/strong><\/p>\n<p>Ovi op\u0107i uvjeti poslovanja vrijede za prodaju proizvoda objavljenih na web\u00a0 stranici (http:\/\/www.marvis-trade.si\/hr) dru\u0161tva MARVIS TRADE d.o.o., Polica 34b, Grosuplje (u daljnjem tekstu: MARVIS TRADE d.o.o.). Op\u0107i uvjeti su dostupni na web stranici (http:\/\/www.marvis-trade.si\/hr), stoga se smatra da je svaki potro\u0161a\u010d koji naru\u010di robu na web stranici upoznat s njihovim cjelokupnim tekstom. Smatra se da prihva\u0107ate ove op\u0107e uvjete poslovanja u cijelosti prilikom narud\u017ebe u bilo kojem obliku. Ugovor se mo\u017ee sklopiti samo na hrvatskom jeziku.<\/p>\n<p><strong>Naru\u010divanje proizvoda<\/strong><\/p>\n<p>Kod MARVIS TRADE d.o.o. proizvode naru\u010dujete bez ikakvog rizika. Proizvode mo\u017eete kod ku\u0107e u miru pregledati i isprobati, a ako vam ne odgovaraju, mo\u017eete ih jednostavno vratiti u roku od 14 dana od primitka. Proizvode mo\u017eete naru\u010diti na sljede\u0107e na\u010dine:<\/p>\n<ul>\n<li>Online putem web stranice <a href=\"http:\/\/www.marvis-trade.si\/hr\">http:\/\/www.marvis-trade.si\/hr<\/a><\/li>\n<li>putem elektroni\u010dke po\u0161te na adresu: <a href=\"mailto:info@marvis-trade.si\">info@marvis-trade.si<\/a><\/li>\n<li>telefonom na broj: +386 (0)1 427 29 71<\/li>\n<li>po\u0161tom na adresu: MARVIS TRADE d.o.o., Polica 34b, 1290 Grosuplje<\/li>\n<\/ul>\n<p><strong>Izvr\u0161enje ili odbijanje narud\u017ebe<\/strong><\/p>\n<p>Primljene narud\u017ebe smatramo neopozivima. Aktivnosti potrebne za izvr\u0161enje primljenih narud\u017ebi zapo\u010det \u0107emo u najkra\u0107em mogu\u0107em roku. MARVIS TRADE d.o.o. zadr\u017eava pravo odbiti narud\u017ebu ako utvrdi da narud\u017ebu pod navedenim uvjetima ne mo\u017ee izvr\u0161iti, te \u0107e o tome obavijestiti naru\u010ditelja.<\/p>\n<p><strong>Dostava proizvoda<\/strong><\/p>\n<p>U dogovorenom roku pripremit \u0107emo i poslati naru\u010dene proizvode na va\u0161u adresu. Proizvode \u0107emo dostaviti po\u0161tom ili kurirskom slu\u017ebom u odgovaraju\u0107oj paketnoj ambala\u017ei. Ako vas po\u0161tar ili kurir ne zatekne kod ku\u0107e, ostavit \u0107e vam obavijest o prispjeloj po\u0161iljci i mogu\u0107nosti preuzimanja. U slu\u010daju pla\u0107anja pouze\u0107em, naru\u010ditelj snosi tro\u0161kove slanja i proviziju za prijenos prema va\u017ee\u0107em cjeniku Hrvatske po\u0161te, Packete ili DPD-a. Naru\u010denu robu isporu\u010dit \u0107emo, ako je to mogu\u0107e, u uobi\u010dajenom roku isporuke od 1-2 dana od primitka narud\u017ebe. Ako robu ne bude mogu\u0107e dostaviti u uobi\u010dajenom roku isporuke od 1-2 dana, obavijestit \u0107emo vas o predvi\u0111enom roku dostave \u010dim bude mogu\u0107e.<\/p>\n<p><strong>Rasprodani proizvodi<\/strong><\/p>\n<p>U pojedinim slu\u010dajevima mo\u017ee se dogoditi da vam ne\u0107emo mo\u0107i dostaviti odre\u0111eni proizvod jer je rasprodan. Molimo vas za razumijevanje. Uvjereni smo da \u0107ete u na\u0161oj paleti proizvoda prona\u0107i zamjenski proizvod.<\/p>\n<p><strong>Preuzimanje proizvoda<\/strong><\/p>\n<p>Preuzimanje proizvoda mogu\u0107e je i na sjedi\u0161tu tvrtke MARVIS TRADE d.o.o. na adresi: MARVIS TRADE d.o.o., Polica 34b, 1290 Grosuplje. U slu\u010daju osobnog preuzimanja proizvoda na sjedi\u0161tu tvrtke ne pla\u0107ate tro\u0161kove dostave.<\/p>\n<p><strong>Cijene<\/strong><\/p>\n<p>Sve cijene navedene na web stranici izra\u017eene su u eurima i uklju\u010duju porez na dodanu vrijednost. Izdani ra\u010dun sadr\u017ei uz cijenu proizvoda i pripadaju\u0107i porez na dodanu vrijednost i tro\u0161kove pakiranja, dostave i po\u0161tarine. Obveznici PDV-a moraju prilikom narud\u017ebe dostaviti identifikacijski broj.<\/p>\n<p><strong>Na\u010din pla\u0107anja<\/strong><\/p>\n<p>Naru\u010dene proizvode mo\u017eete platiti na sljede\u0107e na\u010dine:<\/p>\n<ul>\n<li>Pla\u0107anje pouze\u0107em. U tom slu\u010daju robu pla\u0107ate gotovinom ili prilo\u017eenom op\u0107om uplatnicom;<\/li>\n<li>Pla\u0107anje po predra\u010dunu (predra\u010dun vam \u0161aljemo putem elektroni\u010dke po\u0161te, obi\u010dne po\u0161te ili faksa). Predra\u010dun vrijedi 8 dana, nakon tog roka narud\u017eba se bri\u0161e iz sustava. Prilikom pla\u0107anja predra\u010duna obavezno navedite broj predra\u010duna zbog lak\u0161eg pra\u0107enja pla\u0107anja.<\/li>\n<li>Pla\u0107anje putem PayPal-a na ra\u010dun upravitelja (PayPal omogu\u0107uje i pla\u0107anje kreditnim karticama). PayPal je podru\u017enica tvrtke eBay i posrednik izme\u0111u kupca i prodavatelja. Koristimo ga za prijenos srednjih i malih iznosa putem interneta. S vi\u0161e od 133 milijuna korisnika u 106 zemalja svijeta, PayPal je jedan od najve\u0107ih i najpopularnijih online sustava pla\u0107anja me\u0111u internetskim trgovcima i potro\u0161a\u010dima.<\/li>\n<\/ul>\n<p>PayPal \u0161titi sve informacije sudionika. Financijski podaci po\u0161iljatelja, broj kreditne kartice ili broj ra\u010duna su skriveni primatelju. To sprje\u010dava zloupotrebu podataka. Kupnja putem PayPal-a za kupca je bez dodatnih tro\u0161kova. Pru\u017eatelj kupcu izdaje ra\u010dun na trajnom mediju, s razra\u0111enim tro\u0161kovima.<\/p>\n<p><strong>Zadr\u017eavanje prava vlasni\u0161tva<\/strong><\/p>\n<p>Zadr\u017eavamo pravo vlasni\u0161tva na prodanim proizvodima i oni ostaju vlasni\u0161tvo MARVIS TRADE d.o.o. i nakon \u0161to su vam predani, sve dok kupovinu za njih ne platite u cijelosti.<\/p>\n<p><strong>Odstupanje od ugovora, povrat proizvoda i povrat uplata<\/strong><\/p>\n<p>Prije primitka robe, ali najkasnije u roku od 14 dana od narud\u017ebe, mo\u017eete nas pisanim putem obavijestiti da odstupate od narud\u017ebe, pri \u010demu \u0107emo biti zahvalni ako nam navedete razlog za va\u0161u odluku. Na taj na\u010din jednostavno otkazujete va\u0161u narud\u017ebu.<\/p>\n<p>Ako ste ve\u0107 primili robu i odstupite od ugovora, morate robu vratiti u roku od trideset dana od obavijesti iz prethodnog stavka na adresu: MARVIS TRADE d.o.o., Polica 34b, 1290 Grosuplje.<\/p>\n<p>Povrat proizvoda u roku od 14 dana od primitka smatra se obavijesti o odstupanju od ugovora. Proizvode morate vratiti neo\u0161te\u0107ene u nepromijenjenoj koli\u010dini i u originalnoj, neo\u0161te\u0107enoj ambala\u017ei. O\u0161te\u0107ene proizvode, proizvode u promijenjenoj koli\u010dini i proizvode u neoriginalnoj ili o\u0161te\u0107enoj ambala\u017ei nije mogu\u0107e vratiti. Proizvode je potrebno vratiti kao paketnu po\u0161iljku ili kao preporu\u010deno pismo. Proizvodima koji se vra\u0107aju mora biti prilo\u017eena kopija ra\u010duna. Ako ste ve\u0107 platili za dostavljenu robu, vratit \u0107emo vam kupovinu i sve ostale uplate koje ste izvr\u0161ili zbog narud\u017ebe i pla\u0107anja za vra\u0107ene proizvode odmah, najkasnije u roku od trideset dana od primitka obavijesti iz prvog stavka ove to\u010dke. Jedini tro\u0161ak koji vas u tom slu\u010daju tereti u vezi s odstupanjem od ugovora je neposredni tro\u0161ak povrata robe, u slu\u010daju da proizvod vratite u originalnoj ambala\u017ei i neo\u0161te\u0107en.<\/p>\n<p>Ako proizvod ne radi ispravno ili ne radi u skladu s va\u0161im o\u010dekivanjima, prvo nazovite na\u0161u tehni\u010dku slu\u017ebu na telefonski broj 01 427 29 71 ili na GSM 041 386 227, gdje \u0107e vam na\u0161i savjetnici mo\u0107i pomo\u0107i s potrebnim obja\u0161njenjima. Na taj na\u010din \u0107ete izbje\u0107i mogu\u0107u nepravilnu uporabu proizvoda i o\u0161te\u0107enja samog proizvoda te mogu\u0107a o\u0161te\u0107enja drugih stvari. U slu\u010daju povrata proizvoda koji su neispravni i za koje stranka ostvaruje jamstvo, stranka dostavlja ili \u0161alje neispravan proizvod na na\u0161u adresu o vlastitom tro\u0161ku. Povrat popravljenog ili zamijenjenog proizvoda stranci pokrivamo mi. Za proizvode za koje utvrdimo da su o\u0161te\u0107eni zbog nepravilne ili neprimjerene uporabe, reklamacije ne\u0107emo mo\u0107i uva\u017eiti. Ako \u017eelite ponovno preuzeti takav proizvod nakon odbijanja reklamacije, poslat \u0107emo vam ga i pri tome naplatiti tro\u0161kove povezane s dostavom takvog proizvoda, ili mo\u017eete preuzeti takav proizvod na na\u0161oj adresi: MARVIS TRADE d.o.o., Polica 34b, 1290 Grosuplje.<\/p>\n<p>Potro\u0161a\u010d nema pravo na odstupanje od ugovora iz prvog stavka ove to\u010dke u sljede\u0107im slu\u010dajevima:<\/p>\n<ul>\n<li>kod ugovora \u010diji je predmet roba koja je izra\u0111ena prema to\u010dnim uputama potro\u0161a\u010da, koja je prilago\u0111ena njegovim osobnim potrebama, koja zbog svoje prirode nije prikladna za povrat, koja je brzo kvarljiva ili kojoj je ve\u0107 istekao rok uporabe;<\/li>\n<li>kod proizvoda gdje se pokretanjem proizvoda po\u010dinje odbrojavati \u017eivotni vijek (alarm za uglji\u010dni monoksid), proizvod radi u skladu s specifikacijom proizvo\u0111a\u010da;<\/li>\n<li>kod ugovora o isporuci audio ili video zapisa ili ra\u010dunalnih programa, knjiga i potro\u0161nog materijala (baterije, \u017earulje..), ako je potro\u0161a\u010d otvorio sigurnosni pe\u010dat ili ako je uklonjena originalna ambala\u017ea;<\/li>\n<li>kod ugovora o isporuci novina, \u010dasopisa i periodi\u010dnih publikacija;<\/li>\n<li>kod ugovora o isporuci softvera, ra\u010dunalnih igara, CD-a, filmova<\/li>\n<\/ul>\n<p><strong>Jamstvo<\/strong><\/p>\n<p>Za sve proizvode vrijedi 12-mjese\u010dno jamstvo, za posebno ozna\u010dene proizvode produ\u017eeno jamstvo, \u0161to je vidljivo iz dokumentacije koju primite prilikom dostave robe. Jamstvo te\u010de od datuma primitka robe. Jamstvo mo\u017eete ostvariti s jamstvenim listom, ra\u010dunom i drugim dokumentima koji su navedeni na ra\u010dunu! Imate nepotvr\u0111en jamstveni list? Bez brige! U tom slu\u010daju, u skladu s \u010dlankom 18. Zakona o za\u0161titi potro\u0161a\u010da, nije potrebno da prodavatelj posebno potvrdi jamstveni list. Popravak proizvoda obavljamo u MARVIS TRADE d.o.o. obi\u010dno u vrlo kratkom roku. Ako popravak traje vi\u0161e od 45 dana, zamijenit \u0107emo vam proizvod novim, ako to nije mogu\u0107e, u cijelosti \u0107emo vam vratiti kupovinu za proizvod.<\/p>\n<p><strong>Za\u0161tita podataka<\/strong><\/p>\n<p>Obvezujemo se da \u0107e osobni podaci prikupljeni putem web stranice biti u potpunosti pohranjeni, za\u0161ti\u0107eni i obra\u0111eni isklju\u010divo od strane tvrtke Marvis trade d.o.o. Svi prikupljeni osobni podaci bit \u0107e obra\u0111eni u skladu sa Zakonom o za\u0161titi osobnih podataka. Va\u0161i podaci su odgovaraju\u0107e za\u0161ti\u0107eni od gubitka, uni\u0161tenja, krivotvorenja, manipulacije i neovla\u0161tenog pristupa ili neovla\u0161tenog otkrivanja od strane tre\u0107ih osoba. Osobni podaci prikupljeni putem web stranice [www.marvis.trade.si](http:\/\/www.marvis.trade.si) za potrebe online kupnje koriste se isklju\u010divo za potrebe izvr\u0161enja i dostave narud\u017ebe.<\/p>\n<p>Podaci koje prikupljamo od vas su sljede\u0107i: Ime i prezime E-mail Adresa Telefon Opcionalno: Adresa tvrtke i porezni broj tvrtke.<\/p>\n<p>Svrhe za koje se prikupljaju osobni podaci:<\/p>\n<ul>\n<li>obavje\u0161tavanje o statusu narud\u017ebe,<\/li>\n<li>obavje\u0161tavanje o statusu eventualne reklamacije,<\/li>\n<li>odgovor na va\u0161e pitanje koje ste postavili,<\/li>\n<li>obavje\u0161tavanje o pogodnostima i popustima te posebnim pogodnostima, o novim proizvodima, o eventualnim doga\u0111anjima, obavje\u0161tavanje o tijeku eventualne prodajne akcije (opcionalno).<\/li>\n<\/ul>\n<p><strong>Obrada osobnih podataka<\/strong><\/p>\n<p>Obrada osobnih podataka zna\u010di bilo koju radnju ili niz radnji koje se provode u vezi s osobnim podacima koji su automatizirano obra\u0111eni ili koji su pri ru\u010dnoj obradi dio zbirke osobnih podataka ili su namijenjeni uklju\u010divanju u zbirku osobnih podataka, posebno prikupljanje, dobivanje, upis, ure\u0111ivanje, pohranjivanje, prilago\u0111avanje ili mijenjanje, pozivanje, pregled, kori\u0161tenje, otkrivanje prijenosom, priop\u0107avanje, \u0161irenje ili drugo stavljanje na raspolaganje, razvrstavanje ili povezivanje, blokiranje, anonimiziranje, brisanje ili uni\u0161tavanje; obrada mo\u017ee biti ru\u010dna ili automatizirana. Va\u0161i osobni podaci bit \u0107e obra\u0111eni isklju\u010divo od strane tvrtke Marvis trade d.o.o. i ne\u0107e biti proslije\u0111eni tre\u0107im osobama. Proslijedit \u0107e se samo kurirskoj slu\u017ebi za potrebe izvr\u0161enja same narud\u017ebe. Na naslovnici paketa zapisano je sljede\u0107e: Ime i prezime, adresa, po\u0161tanski broj i po\u0161tanski ured te telefonski broj.<\/p>\n<p><strong>Postupci za osiguranje prava pojedinca<\/strong><\/p>\n<p>Obavje\u0161tavamo vas da:<\/p>\n<ul>\n<li>mo\u017eete zatra\u017eiti pregled va\u0161ih osobnih podataka<\/li>\n<li>mo\u017eete zatra\u017eiti ispravak osobnih podataka<\/li>\n<li>mo\u017eete zatra\u017eiti blokiranje osobnih podataka<\/li>\n<li>mo\u017eete zatra\u017eiti brisanje osobnih podataka<\/li>\n<li>mo\u017eete zatra\u017eiti ograni\u010denje kori\u0161tenja osobnih podataka<\/li>\n<li>mo\u017eete zatra\u017eiti prijenos osobnih podataka<\/li>\n<li>Marvis trade d.o.o., Polica 34b, Si-1290 Grosuplje ili na elektroni\u010dku po\u0161tu: [info@marvis-trade.si](<a href=\"mailto:info@marvis-trade.si\">mailto:info@marvis-trade.si<\/a>)<\/li>\n<li>mo\u017eete podnijeti pritu\u017ebu nadzornom tijelu, ako smatrate da obrada osobnih podataka kr\u0161i Op\u0107u uredbu o za\u0161titi podataka.<\/li>\n<\/ul>\n<p>Marvis trade d.o.o. obvezuje se da \u0107e prikupljene osobne podatke obra\u0111ivati samo za gore navedene svrhe. U slu\u010daju potrebe za druga\u010dijom obradom ili proslje\u0111ivanjem podataka tre\u0107im osobama, prethodno \u0107emo vas kontaktirati i zatra\u017eiti va\u0161u privolu. Osobni podaci prikupljaju se samo onoliko koliko je potrebno za postizanje svrhe zbog koje su prikupljeni ili dalje kori\u0161teni, najvi\u0161e za razdoblje od 120 mjeseci. Nakon tog vremena, Marvis trade d.o.o., Polica 34b, Si-1290 Grosuplje trajno \u0107e ih izbrisati.<\/p>\n<p>Ovla\u0161tena osoba za za\u0161titu osobnih podataka je Vanja Ga\u0161per\u0161i\u010d (tvrtka: Marvis trade d.o.o.). Ovla\u0161tena osoba za za\u0161titu osobnih podataka (Data Protection Officer ili skra\u0107eno DPO) je osoba koja neovisno poma\u017ee obra\u0111iva\u010du ili upravitelju osobnih podataka u osiguravanju uskla\u0111enosti obrade osobnih podataka s Op\u0107om uredbom o za\u0161titi osobnih podataka (GDPR) i novim Zakonom o za\u0161titi osobnih podataka (ZVOP-2).<\/p>\n<p><strong>Dostupnost informacija <\/strong><\/p>\n<p>Pru\u017eatelj se obvezuje da \u0107e kupcu uvijek osigurati sljede\u0107e informacije:<\/p>\n<ul>\n<li>identitet tvrtke (ime i sjedi\u0161te tvrtke, broj registra),<\/li>\n<li>kontaktne podatke koji korisniku omogu\u0107uju brzu i u\u010dinkovitu komunikaciju (e-po\u0161ta, telefon),<\/li>\n<li>bitne karakteristike robe ili usluga (uklju\u010duju\u0107i postprodajne usluge i jamstva),<\/li>\n<li>dostupnost proizvoda (svaki proizvod ili usluga koji su u ponudi na web stranici trebali bi biti dostupni u razumljivom roku),<\/li>\n<li>uvjete dostave proizvoda ili izvr\u0161enja usluge (na\u010din, mjesto i rok dostave),<\/li>\n<li>sve cijene moraju biti jasno i nedvosmisleno odre\u0111ene i mora biti jasno prikazano uklju\u010duju li poreze i tro\u0161kove prijevoza,<\/li>\n<li>na\u010din pla\u0107anja i dostave, \u2022 vremensku valjanost ponude,<\/li>\n<li>rok u kojem je jo\u0161 mogu\u0107e odustati od ugovora i uvjete za odustajanje; osim toga, tako\u0111er o tome, ako i koliko ko\u0161ta kupca povrat proizvoda,<\/li>\n<li>obja\u0161njenje postupka pritu\u017ebe, uklju\u010duju\u0107i sve podatke o kontakt osobi ili slu\u017ebi za kontakte s kupcima.<\/li>\n<\/ul>\n<p><strong>Odricanje od odgovornosti<\/strong><\/p>\n<p>Sadr\u017eaj objavljen na stranicama (http:\/\/www.marvis-trade.si\/hr) smije se koristiti i reproducirati samo u nekomercijalne svrhe, pri \u010demu je potrebno zadr\u017eati sva navedena upozorenja o autorskim pravima. Marvis trade, d.o.o., osigurava \u0161to a\u017eurniji i to\u010dniji sadr\u017eaj svojih web stranica, ali ne preuzima nikakva jamstva o njegovoj a\u017eurnosti i\/ili to\u010dnosti. Svi korisnici koriste sav objavljeni sadr\u017eaj na vlastitu odgovornost. Marvis trade d.o.o. zadr\u017eava pravo na promjene uvjeta poslovanja putem web stranice (<a href=\"http:\/\/www.marvis-trade.si\/hr\">http:\/\/www.marvis-trade.si\/hr<\/a>) u bilo kojem trenutku, na bilo koji na\u010din i bez prethodne obavijesti.<\/p>\n<p>Pritu\u017ebe i sporovi Marvis trade d.o.o. po\u0161tuje va\u017ee\u0107e zakone o za\u0161titi potro\u0161a\u010da i osigurava u\u010dinkovito rje\u0161avanje pritu\u017ebi. U slu\u010daju problema nazovite nas na telefonski broj +386 (0)1 4272971, po\u0161aljite e-mail na (mailto:info@marvis-trade.si) ili nam pi\u0161ite na adresu: Marvis trade d.o.o. Polica 34b, SI-1290 Grosuplje.<\/p>\n<p>Postupak rje\u0161avanja pritu\u017ebi je povjerljiv.\u00a0<\/p>\n<p><strong>Podaci o upisu u registar s navedenim registrom i brojem upisa<\/strong><\/p>\n<p>MARVIS TRADE, zastupstvo i usluge, d.o.o.<\/p>\n<p>Polica 34b 1290 Grosuplje<\/p>\n<p>Mati\u010dni broj: 3841502000<\/p>\n<p>ID broj za PDV: SI47191325<\/p>\n<p>Broj upisa: Srg 2010\/39937, Okru\u017eni sud u Ljubljani<\/p>\n<p>Statisti\u010dka domicilna djelatnost: 46.190 (Nespecializirano posredni\u0161tvo pri prodaji raznovrsnih proizvoda)<\/p>\n<p>&nbsp;<\/p>\n<p>Grosuplje, 01. svibnja 2024.<\/p>\n<p>&nbsp;<\/p>\n<p>&nbsp;<\/p>\n<p>&nbsp;<\/p>\n<p>[\/et_pb_text][\/et_pb_column][\/et_pb_row][\/et_pb_section]<\/p>\n","protected":false},"excerpt":{"rendered":"<p>Op\u0107i uvjeti poslovanja Ovi op\u0107i uvjeti poslovanja vrijede za prodaju proizvoda objavljenih na web\u00a0 stranici (http:\/\/www.marvis-trade.si\/hr) dru\u0161tva MARVIS TRADE d.o.o., Polica 34b, Grosuplje (u daljnjem tekstu: MARVIS TRADE d.o.o.). Op\u0107i uvjeti su dostupni na web stranici (http:\/\/www.marvis-trade.si\/hr), stoga se smatra da je svaki potro\u0161a\u010d koji naru\u010di robu na web stranici upoznat s njihovim cjelokupnim tekstom. [&hellip;]<\/p>\n","protected":false},"author":1,"featured_media":0,"parent":0,"menu_order":0,"comment_status":"closed","ping_status":"closed","template":"","meta":{"_et_pb_use_builder":"on","_et_pb_old_content":"","_et_gb_content_width":"","footnotes":""},"class_list":["post-262","page","type-page","status-publish","hentry"],"_links":{"self":[{"href":"https:\/\/marvis-trade.si\/hr\/wp-json\/wp\/v2\/pages\/262","targetHints":{"allow":["GET"]}}],"collection":[{"href":"https:\/\/marvis-trade.si\/hr\/wp-json\/wp\/v2\/pages"}],"about":[{"href":"https:\/\/marvis-trade.si\/hr\/wp-json\/wp\/v2\/types\/page"}],"author":[{"embeddable":true,"href":"https:\/\/marvis-trade.si\/hr\/wp-json\/wp\/v2\/users\/1"}],"replies":[{"embeddable":true,"href":"https:\/\/marvis-trade.si\/hr\/wp-json\/wp\/v2\/comments?post=262"}],"version-history":[{"count":11,"href":"https:\/\/marvis-trade.si\/hr\/wp-json\/wp\/v2\/pages\/262\/revisions"}],"predecessor-version":[{"id":1750,"href":"https:\/\/marvis-trade.si\/hr\/wp-json\/wp\/v2\/pages\/262\/revisions\/1750"}],"wp:attachment":[{"href":"https:\/\/marvis-trade.si\/hr\/wp-json\/wp\/v2\/media?parent=262"}],"curies":[{"name":"wp","href":"https:\/\/api.w.org\/{rel}","templated":true}]}}